{"id":2566,"date":"2025-04-09T10:22:53","date_gmt":"2025-04-09T08:22:53","guid":{"rendered":"https:\/\/zielonemarzenia.com\/mestska-zelen\/"},"modified":"2026-01-16T12:51:35","modified_gmt":"2026-01-16T11:51:35","slug":"mestska-zelen","status":"publish","type":"page","link":"https:\/\/zielonemarzenia.com\/sk\/mestska-zelen\/","title":{"rendered":"MESTSK\u00c1 ZELE\u0147"},"content":{"rendered":"\t\t<div data-elementor-type=\"wp-page\" data-elementor-id=\"2566\" class=\"elementor elementor-2566\" data-elementor-post-type=\"page\">\n\t\t\t\t<div class=\"elementor-element elementor-element-e3ed302 e-flex e-con-boxed e-con e-parent\" data-id=\"e3ed302\" data-element_type=\"container\" data-e-type=\"container\" data-settings=\"{&quot;background_background&quot;:&quot;classic&quot;}\">\n\t\t\t\t\t<div class=\"e-con-inner\">\n\t\t\t\t<div class=\"elementor-element elementor-element-c04ce51 elementor-widget elementor-widget-heading\" data-id=\"c04ce51\" data-element_type=\"widget\" data-e-type=\"widget\" data-widget_type=\"heading.default\">\n\t\t\t\t<div class=\"elementor-widget-container\">\n\t\t\t\t\t<h1 class=\"elementor-heading-title elementor-size-default\">MESTSK\u00c1 ZELE\u0147<\/h1>\t\t\t\t<\/div>\n\t\t\t\t<\/div>\n\t\t\t\t\t<\/div>\n\t\t\t\t<\/div>\n\t\t<div class=\"elementor-element elementor-element-3406d73 e-flex e-con-boxed e-con e-parent\" data-id=\"3406d73\" data-element_type=\"container\" data-e-type=\"container\">\n\t\t\t\t\t<div class=\"e-con-inner\">\n\t\t\t\t<div class=\"elementor-element elementor-element-88b4dfd elementor-widget elementor-widget-heading\" data-id=\"88b4dfd\" data-element_type=\"widget\" data-e-type=\"widget\" data-widget_type=\"heading.default\">\n\t\t\t\t<div class=\"elementor-widget-container\">\n\t\t\t\t\t<h3 class=\"elementor-heading-title elementor-size-default\">POZRITE SI NA\u0160E VYBRAN\u00c9 PROJEKTY<\/h3>\t\t\t\t<\/div>\n\t\t\t\t<\/div>\n\t\t\t\t<div class=\"elementor-element elementor-element-41ac57f elementor-widget elementor-widget-gallery\" data-id=\"41ac57f\" data-element_type=\"widget\" data-e-type=\"widget\" data-settings=\"{&quot;columns&quot;:3,&quot;lazyload&quot;:&quot;yes&quot;,&quot;gallery_layout&quot;:&quot;grid&quot;,&quot;columns_tablet&quot;:2,&quot;columns_mobile&quot;:1,&quot;gap&quot;:{&quot;unit&quot;:&quot;px&quot;,&quot;size&quot;:10,&quot;sizes&quot;:[]},&quot;gap_tablet&quot;:{&quot;unit&quot;:&quot;px&quot;,&quot;size&quot;:10,&quot;sizes&quot;:[]},&quot;gap_mobile&quot;:{&quot;unit&quot;:&quot;px&quot;,&quot;size&quot;:10,&quot;sizes&quot;:[]},&quot;link_to&quot;:&quot;file&quot;,&quot;aspect_ratio&quot;:&quot;3:2&quot;,&quot;overlay_background&quot;:&quot;yes&quot;,&quot;content_hover_animation&quot;:&quot;fade-in&quot;}\" data-widget_type=\"gallery.default\">\n\t\t\t\t<div class=\"elementor-widget-container\">\n\t\t\t\t\t\t\t<div class=\"elementor-gallery__container\">\n\t\t\t\t\t\t\t<a class=\"e-gallery-item elementor-gallery-item elementor-animated-content\" href=\"https:\/\/zielonemarzenia.com\/wp-content\/uploads\/2024\/03\/Rectangle-85.webp\" data-elementor-open-lightbox=\"yes\" data-elementor-lightbox-slideshow=\"41ac57f\" data-e-action-hash=\"#elementor-action%3Aaction%3Dlightbox%26settings%3DeyJpZCI6MTAwLCJ1cmwiOiJodHRwczpcL1wvemllbG9uZW1hcnplbmlhLmNvbVwvd3AtY29udGVudFwvdXBsb2Fkc1wvMjAyNFwvMDNcL1JlY3RhbmdsZS04NS53ZWJwIiwic2xpZGVzaG93IjoiNDFhYzU3ZiJ9\">\n\t\t\t\t\t<div class=\"e-gallery-image elementor-gallery-item__image\" data-thumbnail=\"https:\/\/zielonemarzenia.com\/wp-content\/uploads\/2024\/03\/Rectangle-85.webp\" data-width=\"545\" data-height=\"318\" aria-label=\"trawnik z rolki w parku miejskim - zielone marzenia\" role=\"img\" ><\/div>\n\t\t\t\t\t\t\t\t\t\t\t<div class=\"elementor-gallery-item__overlay\"><\/div>\n\t\t\t\t\t\t\t\t\t\t\t\t\t\t<\/a>\n\t\t\t\t\t<\/div>\n\t\t\t\t\t<\/div>\n\t\t\t\t<\/div>\n\t\t\t\t\t<\/div>\n\t\t\t\t<\/div>\n\t\t<div class=\"elementor-element elementor-element-0b15699 e-con-full e-flex e-con e-parent\" data-id=\"0b15699\" data-element_type=\"container\" data-e-type=\"container\" data-settings=\"{&quot;background_background&quot;:&quot;classic&quot;}\">\n\t\t<div class=\"elementor-element elementor-element-74ffedc e-con-full e-flex e-con e-child\" data-id=\"74ffedc\" data-element_type=\"container\" data-e-type=\"container\">\n\t\t<div class=\"elementor-element elementor-element-18b590c e-con-full e-flex e-con e-child\" data-id=\"18b590c\" data-element_type=\"container\" data-e-type=\"container\" data-settings=\"{&quot;background_background&quot;:&quot;classic&quot;}\">\n\t\t\t\t<div class=\"elementor-element elementor-element-719c6c3 elementor-widget elementor-widget-heading\" data-id=\"719c6c3\" data-element_type=\"widget\" data-e-type=\"widget\" data-widget_type=\"heading.default\">\n\t\t\t\t<div class=\"elementor-widget-container\">\n\t\t\t\t\t<h3 class=\"elementor-heading-title elementor-size-default\">Vytv\u00e1ranie miest vhodn\u00fdch pre \u017eivot a priate\u013esk\u00fdch k pr\u00edrode\n<\/h3>\t\t\t\t<\/div>\n\t\t\t\t<\/div>\n\t\t\t\t<div class=\"elementor-element elementor-element-140856f elementor-widget elementor-widget-text-editor\" data-id=\"140856f\" data-element_type=\"widget\" data-e-type=\"widget\" data-widget_type=\"text-editor.default\">\n\t\t\t\t<div class=\"elementor-widget-container\">\n\t\t\t\t\t\t\t\t\t<p>D\u00f4verujte odborn\u00edkom na zele\u0148 &#8211; spolo\u010dne premen\u00edme mestsk\u00fd priestor.<\/p>\t\t\t\t\t\t\t\t<\/div>\n\t\t\t\t<\/div>\n\t\t\t\t<div class=\"elementor-element elementor-element-1bbeb8f elementor-align-center elementor-widget elementor-widget-button\" data-id=\"1bbeb8f\" data-element_type=\"widget\" data-e-type=\"widget\" data-widget_type=\"button.default\">\n\t\t\t\t<div class=\"elementor-widget-container\">\n\t\t\t\t\t\t\t\t\t<div class=\"elementor-button-wrapper\">\n\t\t\t\t\t<a class=\"elementor-button elementor-button-link elementor-size-sm\" href=\"https:\/\/zielonemarzenia.com\/sk\/kontakt\/?lang=sk\">\n\t\t\t\t\t\t<span class=\"elementor-button-content-wrapper\">\n\t\t\t\t\t\t\t\t\t<span class=\"elementor-button-text\">KONTAKT<\/span>\n\t\t\t\t\t<\/span>\n\t\t\t\t\t<\/a>\n\t\t\t\t<\/div>\n\t\t\t\t\t\t\t\t<\/div>\n\t\t\t\t<\/div>\n\t\t\t\t<\/div>\n\t\t\t\t<\/div>\n\t\t\t\t<\/div>\n\t\t\t\t<\/div>\n\t\t","protected":false},"excerpt":{"rendered":"<p>MESTSK\u00c1 ZELE\u0147 POZRITE SI NA\u0160E VYBRAN\u00c9 PROJEKTY Vytv\u00e1ranie miest vhodn\u00fdch pre \u017eivot a priate\u013esk\u00fdch k pr\u00edrode D\u00f4verujte odborn\u00edkom na zele\u0148 &#8211; spolo\u010dne premen\u00edme mestsk\u00fd priestor. KONTAKT<\/p>\n","protected":false},"author":3,"featured_media":0,"parent":0,"menu_order":0,"comment_status":"closed","ping_status":"closed","template":"","meta":{"footnotes":""},"class_list":["post-2566","page","type-page","status-publish","hentry"],"yoast_head":"<!-- This site is optimized with the Yoast SEO plugin v26.9 - https:\/\/yoast.com\/product\/yoast-seo-wordpress\/ -->\n<title>MESTSK\u00c1 ZELE\u0147 - ZIELONE MARZENIA<\/title>\n<meta name=\"robots\" content=\"index, nofollow, max-snippet:-1, max-image-preview:large, max-video-preview:-1\" \/>\n<link rel=\"canonical\" href=\"https:\/\/zielonemarzenia.com\/sk\/mestska-zelen\/\" \/>\n<meta property=\"og:locale\" content=\"sk_SK\" \/>\n<meta property=\"og:type\" content=\"article\" \/>\n<meta property=\"og:title\" content=\"MESTSK\u00c1 ZELE\u0147 - ZIELONE MARZENIA\" \/>\n<meta property=\"og:description\" content=\"MESTSK\u00c1 ZELE\u0147 POZRITE SI NA\u0160E VYBRAN\u00c9 PROJEKTY Vytv\u00e1ranie miest vhodn\u00fdch pre \u017eivot a priate\u013esk\u00fdch k pr\u00edrode D\u00f4verujte odborn\u00edkom na zele\u0148 &#8211; spolo\u010dne premen\u00edme mestsk\u00fd priestor. KONTAKT\" \/>\n<meta property=\"og:url\" content=\"https:\/\/zielonemarzenia.com\/sk\/mestska-zelen\/\" \/>\n<meta property=\"og:site_name\" content=\"ZIELONE MARZENIA\" \/>\n<meta property=\"article:publisher\" content=\"https:\/\/www.facebook.com\/zielone.marzenia.ogrody\" \/>\n<meta property=\"article:modified_time\" content=\"2026-01-16T11:51:35+00:00\" \/>\n<meta name=\"twitter:card\" content=\"summary_large_image\" \/>\n<meta name=\"twitter:label1\" content=\"Predpokladan\u00fd \u010das \u010d\u00edtania\" \/>\n\t<meta name=\"twitter:data1\" content=\"1 min\u00fata\" \/>\n<script type=\"application\/ld+json\" class=\"yoast-schema-graph\">{\"@context\":\"https:\/\/schema.org\",\"@graph\":[{\"@type\":\"WebPage\",\"@id\":\"https:\/\/zielonemarzenia.com\/sk\/mestska-zelen\/\",\"url\":\"https:\/\/zielonemarzenia.com\/sk\/mestska-zelen\/\",\"name\":\"MESTSK\u00c1 ZELE\u0147 - ZIELONE MARZENIA\",\"isPartOf\":{\"@id\":\"https:\/\/zielonemarzenia.com\/sk\/#website\"},\"datePublished\":\"2025-04-09T08:22:53+00:00\",\"dateModified\":\"2026-01-16T11:51:35+00:00\",\"breadcrumb\":{\"@id\":\"https:\/\/zielonemarzenia.com\/sk\/mestska-zelen\/#breadcrumb\"},\"inLanguage\":\"sk-SK\",\"potentialAction\":[{\"@type\":\"ReadAction\",\"target\":[\"https:\/\/zielonemarzenia.com\/sk\/mestska-zelen\/\"]}]},{\"@type\":\"BreadcrumbList\",\"@id\":\"https:\/\/zielonemarzenia.com\/sk\/mestska-zelen\/#breadcrumb\",\"itemListElement\":[{\"@type\":\"ListItem\",\"position\":1,\"name\":\"Strona g\u0142\u00f3wna\",\"item\":\"https:\/\/zielonemarzenia.com\/sk\/\"},{\"@type\":\"ListItem\",\"position\":2,\"name\":\"MESTSK\u00c1 ZELE\u0147\"}]},{\"@type\":\"WebSite\",\"@id\":\"https:\/\/zielonemarzenia.com\/sk\/#website\",\"url\":\"https:\/\/zielonemarzenia.com\/sk\/\",\"name\":\"ZIELONE MARZENIA\",\"description\":\"\",\"publisher\":{\"@id\":\"https:\/\/zielonemarzenia.com\/sk\/#organization\"},\"potentialAction\":[{\"@type\":\"SearchAction\",\"target\":{\"@type\":\"EntryPoint\",\"urlTemplate\":\"https:\/\/zielonemarzenia.com\/sk\/?s={search_term_string}\"},\"query-input\":{\"@type\":\"PropertyValueSpecification\",\"valueRequired\":true,\"valueName\":\"search_term_string\"}}],\"inLanguage\":\"sk-SK\"},{\"@type\":\"Organization\",\"@id\":\"https:\/\/zielonemarzenia.com\/sk\/#organization\",\"name\":\"ZIELONE MARZENIA\",\"url\":\"https:\/\/zielonemarzenia.com\/sk\/\",\"logo\":{\"@type\":\"ImageObject\",\"inLanguage\":\"sk-SK\",\"@id\":\"https:\/\/zielonemarzenia.com\/sk\/#\/schema\/logo\/image\/\",\"url\":\"https:\/\/zielonemarzenia.com\/wp-content\/uploads\/2024\/03\/logo-1.png\",\"contentUrl\":\"https:\/\/zielonemarzenia.com\/wp-content\/uploads\/2024\/03\/logo-1.png\",\"width\":155,\"height\":75,\"caption\":\"ZIELONE MARZENIA\"},\"image\":{\"@id\":\"https:\/\/zielonemarzenia.com\/sk\/#\/schema\/logo\/image\/\"},\"sameAs\":[\"https:\/\/www.facebook.com\/zielone.marzenia.ogrody\"]}]}<\/script>\n<!-- \/ Yoast SEO plugin. -->","yoast_head_json":{"title":"MESTSK\u00c1 ZELE\u0147 - ZIELONE MARZENIA","robots":{"index":"index","follow":"nofollow","max-snippet":"max-snippet:-1","max-image-preview":"max-image-preview:large","max-video-preview":"max-video-preview:-1"},"canonical":"https:\/\/zielonemarzenia.com\/sk\/mestska-zelen\/","og_locale":"sk_SK","og_type":"article","og_title":"MESTSK\u00c1 ZELE\u0147 - ZIELONE MARZENIA","og_description":"MESTSK\u00c1 ZELE\u0147 POZRITE SI NA\u0160E VYBRAN\u00c9 PROJEKTY Vytv\u00e1ranie miest vhodn\u00fdch pre \u017eivot a priate\u013esk\u00fdch k pr\u00edrode D\u00f4verujte odborn\u00edkom na zele\u0148 &#8211; spolo\u010dne premen\u00edme mestsk\u00fd priestor. KONTAKT","og_url":"https:\/\/zielonemarzenia.com\/sk\/mestska-zelen\/","og_site_name":"ZIELONE MARZENIA","article_publisher":"https:\/\/www.facebook.com\/zielone.marzenia.ogrody","article_modified_time":"2026-01-16T11:51:35+00:00","twitter_card":"summary_large_image","twitter_misc":{"Predpokladan\u00fd \u010das \u010d\u00edtania":"1 min\u00fata"},"schema":{"@context":"https:\/\/schema.org","@graph":[{"@type":"WebPage","@id":"https:\/\/zielonemarzenia.com\/sk\/mestska-zelen\/","url":"https:\/\/zielonemarzenia.com\/sk\/mestska-zelen\/","name":"MESTSK\u00c1 ZELE\u0147 - ZIELONE MARZENIA","isPartOf":{"@id":"https:\/\/zielonemarzenia.com\/sk\/#website"},"datePublished":"2025-04-09T08:22:53+00:00","dateModified":"2026-01-16T11:51:35+00:00","breadcrumb":{"@id":"https:\/\/zielonemarzenia.com\/sk\/mestska-zelen\/#breadcrumb"},"inLanguage":"sk-SK","potentialAction":[{"@type":"ReadAction","target":["https:\/\/zielonemarzenia.com\/sk\/mestska-zelen\/"]}]},{"@type":"BreadcrumbList","@id":"https:\/\/zielonemarzenia.com\/sk\/mestska-zelen\/#breadcrumb","itemListElement":[{"@type":"ListItem","position":1,"name":"Strona g\u0142\u00f3wna","item":"https:\/\/zielonemarzenia.com\/sk\/"},{"@type":"ListItem","position":2,"name":"MESTSK\u00c1 ZELE\u0147"}]},{"@type":"WebSite","@id":"https:\/\/zielonemarzenia.com\/sk\/#website","url":"https:\/\/zielonemarzenia.com\/sk\/","name":"ZIELONE MARZENIA","description":"","publisher":{"@id":"https:\/\/zielonemarzenia.com\/sk\/#organization"},"potentialAction":[{"@type":"SearchAction","target":{"@type":"EntryPoint","urlTemplate":"https:\/\/zielonemarzenia.com\/sk\/?s={search_term_string}"},"query-input":{"@type":"PropertyValueSpecification","valueRequired":true,"valueName":"search_term_string"}}],"inLanguage":"sk-SK"},{"@type":"Organization","@id":"https:\/\/zielonemarzenia.com\/sk\/#organization","name":"ZIELONE MARZENIA","url":"https:\/\/zielonemarzenia.com\/sk\/","logo":{"@type":"ImageObject","inLanguage":"sk-SK","@id":"https:\/\/zielonemarzenia.com\/sk\/#\/schema\/logo\/image\/","url":"https:\/\/zielonemarzenia.com\/wp-content\/uploads\/2024\/03\/logo-1.png","contentUrl":"https:\/\/zielonemarzenia.com\/wp-content\/uploads\/2024\/03\/logo-1.png","width":155,"height":75,"caption":"ZIELONE MARZENIA"},"image":{"@id":"https:\/\/zielonemarzenia.com\/sk\/#\/schema\/logo\/image\/"},"sameAs":["https:\/\/www.facebook.com\/zielone.marzenia.ogrody"]}]}},"_links":{"self":[{"href":"https:\/\/zielonemarzenia.com\/sk\/wp-json\/wp\/v2\/pages\/2566","targetHints":{"allow":["GET"]}}],"collection":[{"href":"https:\/\/zielonemarzenia.com\/sk\/wp-json\/wp\/v2\/pages"}],"about":[{"href":"https:\/\/zielonemarzenia.com\/sk\/wp-json\/wp\/v2\/types\/page"}],"author":[{"embeddable":true,"href":"https:\/\/zielonemarzenia.com\/sk\/wp-json\/wp\/v2\/users\/3"}],"replies":[{"embeddable":true,"href":"https:\/\/zielonemarzenia.com\/sk\/wp-json\/wp\/v2\/comments?post=2566"}],"version-history":[{"count":2,"href":"https:\/\/zielonemarzenia.com\/sk\/wp-json\/wp\/v2\/pages\/2566\/revisions"}],"predecessor-version":[{"id":4494,"href":"https:\/\/zielonemarzenia.com\/sk\/wp-json\/wp\/v2\/pages\/2566\/revisions\/4494"}],"wp:attachment":[{"href":"https:\/\/zielonemarzenia.com\/sk\/wp-json\/wp\/v2\/media?parent=2566"}],"curies":[{"name":"wp","href":"https:\/\/api.w.org\/{rel}","templated":true}]}}