{"id":2570,"date":"2025-04-09T10:23:49","date_gmt":"2025-04-09T08:23:49","guid":{"rendered":"https:\/\/zielonemarzenia.com\/gruenguertel-entlang-von-strassen\/"},"modified":"2026-01-16T12:46:21","modified_gmt":"2026-01-16T11:46:21","slug":"gruenguertel-entlang-von-strassen","status":"publish","type":"page","link":"https:\/\/zielonemarzenia.com\/de\/gruenguertel-entlang-von-strassen\/","title":{"rendered":"GR\u00dcNG\u00dcRTEL ENTLANG VON STRASSEN"},"content":{"rendered":"\t\t<div data-elementor-type=\"wp-page\" data-elementor-id=\"2570\" class=\"elementor elementor-2570\" data-elementor-post-type=\"page\">\n\t\t\t\t<div class=\"elementor-element elementor-element-94dd17b e-flex e-con-boxed e-con e-parent\" data-id=\"94dd17b\" data-element_type=\"container\" data-e-type=\"container\" data-settings=\"{&quot;background_background&quot;:&quot;classic&quot;}\">\n\t\t\t\t\t<div class=\"e-con-inner\">\n\t\t\t\t<div class=\"elementor-element elementor-element-c978175 elementor-widget elementor-widget-heading\" data-id=\"c978175\" data-element_type=\"widget\" data-e-type=\"widget\" data-widget_type=\"heading.default\">\n\t\t\t\t<div class=\"elementor-widget-container\">\n\t\t\t\t\t<h1 class=\"elementor-heading-title elementor-size-default\">GR\u00dcNG\u00dcRTEL ENTLANG VON STRASSEN<\/h1>\t\t\t\t<\/div>\n\t\t\t\t<\/div>\n\t\t\t\t\t<\/div>\n\t\t\t\t<\/div>\n\t\t<div class=\"elementor-element elementor-element-a30c816 e-flex e-con-boxed e-con e-parent\" data-id=\"a30c816\" data-element_type=\"container\" data-e-type=\"container\">\n\t\t\t\t\t<div class=\"e-con-inner\">\n\t\t\t\t<div class=\"elementor-element elementor-element-4991628 elementor-widget elementor-widget-heading\" data-id=\"4991628\" data-element_type=\"widget\" data-e-type=\"widget\" data-widget_type=\"heading.default\">\n\t\t\t\t<div class=\"elementor-widget-container\">\n\t\t\t\t\t<h3 class=\"elementor-heading-title elementor-size-default\">SEHEN SIE SICH UNSERE AUSGEW\u00c4HLTEN PROJEKTE AN<\/h3>\t\t\t\t<\/div>\n\t\t\t\t<\/div>\n\t\t\t\t<div class=\"elementor-element elementor-element-c1be505 elementor-widget elementor-widget-gallery\" data-id=\"c1be505\" data-element_type=\"widget\" data-e-type=\"widget\" data-settings=\"{&quot;columns&quot;:3,&quot;lazyload&quot;:&quot;yes&quot;,&quot;gallery_layout&quot;:&quot;grid&quot;,&quot;columns_tablet&quot;:2,&quot;columns_mobile&quot;:1,&quot;gap&quot;:{&quot;unit&quot;:&quot;px&quot;,&quot;size&quot;:10,&quot;sizes&quot;:[]},&quot;gap_tablet&quot;:{&quot;unit&quot;:&quot;px&quot;,&quot;size&quot;:10,&quot;sizes&quot;:[]},&quot;gap_mobile&quot;:{&quot;unit&quot;:&quot;px&quot;,&quot;size&quot;:10,&quot;sizes&quot;:[]},&quot;link_to&quot;:&quot;file&quot;,&quot;aspect_ratio&quot;:&quot;3:2&quot;,&quot;overlay_background&quot;:&quot;yes&quot;,&quot;content_hover_animation&quot;:&quot;fade-in&quot;}\" data-widget_type=\"gallery.default\">\n\t\t\t\t<div class=\"elementor-widget-container\">\n\t\t\t\t\t\t\t<div class=\"elementor-gallery__container\">\n\t\t\t\t\t\t\t<a class=\"e-gallery-item elementor-gallery-item elementor-animated-content\" href=\"https:\/\/zielonemarzenia.com\/wp-content\/uploads\/2024\/03\/Rectangle-86-1.webp\" data-elementor-open-lightbox=\"yes\" data-elementor-lightbox-slideshow=\"c1be505\" data-e-action-hash=\"#elementor-action%3Aaction%3Dlightbox%26settings%3DeyJpZCI6Mzk4LCJ1cmwiOiJodHRwczpcL1wvemllbG9uZW1hcnplbmlhLmNvbVwvd3AtY29udGVudFwvdXBsb2Fkc1wvMjAyNFwvMDNcL1JlY3RhbmdsZS04Ni0xLndlYnAiLCJzbGlkZXNob3ciOiJjMWJlNTA1In0%3D\">\n\t\t\t\t\t<div class=\"e-gallery-image elementor-gallery-item__image\" data-thumbnail=\"https:\/\/zielonemarzenia.com\/wp-content\/uploads\/2024\/03\/Rectangle-86-1.webp\" data-width=\"545\" data-height=\"318\" aria-label=\"trawnik z rolki - realizacja zielone marzenia\" role=\"img\" ><\/div>\n\t\t\t\t\t\t\t\t\t\t\t<div class=\"elementor-gallery-item__overlay\"><\/div>\n\t\t\t\t\t\t\t\t\t\t\t\t\t\t<\/a>\n\t\t\t\t\t<\/div>\n\t\t\t\t\t<\/div>\n\t\t\t\t<\/div>\n\t\t\t\t\t<\/div>\n\t\t\t\t<\/div>\n\t\t<div class=\"elementor-element elementor-element-7ed5653 e-con-full e-flex e-con e-parent\" data-id=\"7ed5653\" data-element_type=\"container\" data-e-type=\"container\" data-settings=\"{&quot;background_background&quot;:&quot;classic&quot;}\">\n\t\t<div class=\"elementor-element elementor-element-d8e44f8 e-con-full e-flex e-con e-child\" data-id=\"d8e44f8\" data-element_type=\"container\" data-e-type=\"container\">\n\t\t<div class=\"elementor-element elementor-element-2a51491 e-con-full e-flex e-con e-child\" data-id=\"2a51491\" data-element_type=\"container\" data-e-type=\"container\" data-settings=\"{&quot;background_background&quot;:&quot;classic&quot;}\">\n\t\t\t\t<div class=\"elementor-element elementor-element-d28a984 elementor-widget elementor-widget-heading\" data-id=\"d28a984\" data-element_type=\"widget\" data-e-type=\"widget\" data-widget_type=\"heading.default\">\n\t\t\t\t<div class=\"elementor-widget-container\">\n\t\t\t\t\t<h3 class=\"elementor-heading-title elementor-size-default\">\u00c4sthetik und \u00d6kologie im Verkehr<\/h3>\t\t\t\t<\/div>\n\t\t\t\t<\/div>\n\t\t\t\t<div class=\"elementor-element elementor-element-426f297 elementor-widget elementor-widget-text-editor\" data-id=\"426f297\" data-element_type=\"widget\" data-e-type=\"widget\" data-widget_type=\"text-editor.default\">\n\t\t\t\t<div class=\"elementor-widget-container\">\n\t\t\t\t\t\t\t\t\t<p>Finden Sie heraus, wie wir uns professionell um die Gr\u00fcnanlagen entlang der Routen und Stra\u00dfen k\u00fcmmern.<\/p>\t\t\t\t\t\t\t\t<\/div>\n\t\t\t\t<\/div>\n\t\t\t\t<div class=\"elementor-element elementor-element-bf2caa5 elementor-align-center elementor-widget elementor-widget-button\" data-id=\"bf2caa5\" data-element_type=\"widget\" data-e-type=\"widget\" data-widget_type=\"button.default\">\n\t\t\t\t<div class=\"elementor-widget-container\">\n\t\t\t\t\t\t\t\t\t<div class=\"elementor-button-wrapper\">\n\t\t\t\t\t<a class=\"elementor-button elementor-button-link elementor-size-sm\" href=\"https:\/\/zielonemarzenia.com\/de\/kontakt\/?lang=de\">\n\t\t\t\t\t\t<span class=\"elementor-button-content-wrapper\">\n\t\t\t\t\t\t\t\t\t<span class=\"elementor-button-text\">KONTAKT<\/span>\n\t\t\t\t\t<\/span>\n\t\t\t\t\t<\/a>\n\t\t\t\t<\/div>\n\t\t\t\t\t\t\t\t<\/div>\n\t\t\t\t<\/div>\n\t\t\t\t<\/div>\n\t\t\t\t<\/div>\n\t\t\t\t<\/div>\n\t\t\t\t<\/div>\n\t\t","protected":false},"excerpt":{"rendered":"<p>GR\u00dcNG\u00dcRTEL ENTLANG VON STRASSEN SEHEN SIE SICH UNSERE AUSGEW\u00c4HLTEN PROJEKTE AN \u00c4sthetik und \u00d6kologie im Verkehr Finden Sie heraus, wie wir uns professionell um die Gr\u00fcnanlagen entlang der Routen und Stra\u00dfen k\u00fcmmern. KONTAKT<\/p>\n","protected":false},"author":3,"featured_media":0,"parent":0,"menu_order":0,"comment_status":"closed","ping_status":"closed","template":"","meta":{"footnotes":""},"class_list":["post-2570","page","type-page","status-publish","hentry"],"yoast_head":"<!-- This site is optimized with the Yoast SEO plugin v26.9 - https:\/\/yoast.com\/product\/yoast-seo-wordpress\/ -->\n<title>GR\u00dcNG\u00dcRTEL ENTLANG VON STRASSEN - ZIELONE MARZENIA<\/title>\n<meta name=\"robots\" content=\"index, follow, max-snippet:-1, max-image-preview:large, max-video-preview:-1\" \/>\n<link rel=\"canonical\" href=\"https:\/\/zielonemarzenia.com\/de\/gruenguertel-entlang-von-strassen\/\" \/>\n<meta property=\"og:locale\" content=\"de_DE\" \/>\n<meta property=\"og:type\" content=\"article\" \/>\n<meta property=\"og:title\" content=\"GR\u00dcNG\u00dcRTEL ENTLANG VON STRASSEN - ZIELONE MARZENIA\" \/>\n<meta property=\"og:description\" content=\"GR\u00dcNG\u00dcRTEL ENTLANG VON STRASSEN SEHEN SIE SICH UNSERE AUSGEW\u00c4HLTEN PROJEKTE AN \u00c4sthetik und \u00d6kologie im Verkehr Finden Sie heraus, wie wir uns professionell um die Gr\u00fcnanlagen entlang der Routen und Stra\u00dfen k\u00fcmmern. KONTAKT\" \/>\n<meta property=\"og:url\" content=\"https:\/\/zielonemarzenia.com\/de\/gruenguertel-entlang-von-strassen\/\" \/>\n<meta property=\"og:site_name\" content=\"ZIELONE MARZENIA\" \/>\n<meta property=\"article:publisher\" content=\"https:\/\/www.facebook.com\/zielone.marzenia.ogrody\" \/>\n<meta property=\"article:modified_time\" content=\"2026-01-16T11:46:21+00:00\" \/>\n<meta name=\"twitter:card\" content=\"summary_large_image\" \/>\n<meta name=\"twitter:label1\" content=\"Gesch\u00e4tzte Lesezeit\" \/>\n\t<meta name=\"twitter:data1\" content=\"1\u00a0Minute\" \/>\n<script type=\"application\/ld+json\" class=\"yoast-schema-graph\">{\"@context\":\"https:\/\/schema.org\",\"@graph\":[{\"@type\":\"WebPage\",\"@id\":\"https:\/\/zielonemarzenia.com\/de\/gruenguertel-entlang-von-strassen\/\",\"url\":\"https:\/\/zielonemarzenia.com\/de\/gruenguertel-entlang-von-strassen\/\",\"name\":\"GR\u00dcNG\u00dcRTEL ENTLANG VON STRASSEN - ZIELONE MARZENIA\",\"isPartOf\":{\"@id\":\"https:\/\/zielonemarzenia.com\/de\/#website\"},\"datePublished\":\"2025-04-09T08:23:49+00:00\",\"dateModified\":\"2026-01-16T11:46:21+00:00\",\"breadcrumb\":{\"@id\":\"https:\/\/zielonemarzenia.com\/de\/gruenguertel-entlang-von-strassen\/#breadcrumb\"},\"inLanguage\":\"de\",\"potentialAction\":[{\"@type\":\"ReadAction\",\"target\":[\"https:\/\/zielonemarzenia.com\/de\/gruenguertel-entlang-von-strassen\/\"]}]},{\"@type\":\"BreadcrumbList\",\"@id\":\"https:\/\/zielonemarzenia.com\/de\/gruenguertel-entlang-von-strassen\/#breadcrumb\",\"itemListElement\":[{\"@type\":\"ListItem\",\"position\":1,\"name\":\"Strona g\u0142\u00f3wna\",\"item\":\"https:\/\/zielonemarzenia.com\/de\/startseite\/\"},{\"@type\":\"ListItem\",\"position\":2,\"name\":\"GR\u00dcNG\u00dcRTEL ENTLANG VON STRASSEN\"}]},{\"@type\":\"WebSite\",\"@id\":\"https:\/\/zielonemarzenia.com\/de\/#website\",\"url\":\"https:\/\/zielonemarzenia.com\/de\/\",\"name\":\"ZIELONE MARZENIA\",\"description\":\"\",\"publisher\":{\"@id\":\"https:\/\/zielonemarzenia.com\/de\/#organization\"},\"potentialAction\":[{\"@type\":\"SearchAction\",\"target\":{\"@type\":\"EntryPoint\",\"urlTemplate\":\"https:\/\/zielonemarzenia.com\/de\/?s={search_term_string}\"},\"query-input\":{\"@type\":\"PropertyValueSpecification\",\"valueRequired\":true,\"valueName\":\"search_term_string\"}}],\"inLanguage\":\"de\"},{\"@type\":\"Organization\",\"@id\":\"https:\/\/zielonemarzenia.com\/de\/#organization\",\"name\":\"ZIELONE MARZENIA\",\"url\":\"https:\/\/zielonemarzenia.com\/de\/\",\"logo\":{\"@type\":\"ImageObject\",\"inLanguage\":\"de\",\"@id\":\"https:\/\/zielonemarzenia.com\/de\/#\/schema\/logo\/image\/\",\"url\":\"https:\/\/zielonemarzenia.com\/wp-content\/uploads\/2024\/03\/logo-1.png\",\"contentUrl\":\"https:\/\/zielonemarzenia.com\/wp-content\/uploads\/2024\/03\/logo-1.png\",\"width\":155,\"height\":75,\"caption\":\"ZIELONE MARZENIA\"},\"image\":{\"@id\":\"https:\/\/zielonemarzenia.com\/de\/#\/schema\/logo\/image\/\"},\"sameAs\":[\"https:\/\/www.facebook.com\/zielone.marzenia.ogrody\"]}]}<\/script>\n<!-- \/ Yoast SEO plugin. -->","yoast_head_json":{"title":"GR\u00dcNG\u00dcRTEL ENTLANG VON STRASSEN - ZIELONE MARZENIA","robots":{"index":"index","follow":"follow","max-snippet":"max-snippet:-1","max-image-preview":"max-image-preview:large","max-video-preview":"max-video-preview:-1"},"canonical":"https:\/\/zielonemarzenia.com\/de\/gruenguertel-entlang-von-strassen\/","og_locale":"de_DE","og_type":"article","og_title":"GR\u00dcNG\u00dcRTEL ENTLANG VON STRASSEN - ZIELONE MARZENIA","og_description":"GR\u00dcNG\u00dcRTEL ENTLANG VON STRASSEN SEHEN SIE SICH UNSERE AUSGEW\u00c4HLTEN PROJEKTE AN \u00c4sthetik und \u00d6kologie im Verkehr Finden Sie heraus, wie wir uns professionell um die Gr\u00fcnanlagen entlang der Routen und Stra\u00dfen k\u00fcmmern. KONTAKT","og_url":"https:\/\/zielonemarzenia.com\/de\/gruenguertel-entlang-von-strassen\/","og_site_name":"ZIELONE MARZENIA","article_publisher":"https:\/\/www.facebook.com\/zielone.marzenia.ogrody","article_modified_time":"2026-01-16T11:46:21+00:00","twitter_card":"summary_large_image","twitter_misc":{"Gesch\u00e4tzte Lesezeit":"1\u00a0Minute"},"schema":{"@context":"https:\/\/schema.org","@graph":[{"@type":"WebPage","@id":"https:\/\/zielonemarzenia.com\/de\/gruenguertel-entlang-von-strassen\/","url":"https:\/\/zielonemarzenia.com\/de\/gruenguertel-entlang-von-strassen\/","name":"GR\u00dcNG\u00dcRTEL ENTLANG VON STRASSEN - ZIELONE MARZENIA","isPartOf":{"@id":"https:\/\/zielonemarzenia.com\/de\/#website"},"datePublished":"2025-04-09T08:23:49+00:00","dateModified":"2026-01-16T11:46:21+00:00","breadcrumb":{"@id":"https:\/\/zielonemarzenia.com\/de\/gruenguertel-entlang-von-strassen\/#breadcrumb"},"inLanguage":"de","potentialAction":[{"@type":"ReadAction","target":["https:\/\/zielonemarzenia.com\/de\/gruenguertel-entlang-von-strassen\/"]}]},{"@type":"BreadcrumbList","@id":"https:\/\/zielonemarzenia.com\/de\/gruenguertel-entlang-von-strassen\/#breadcrumb","itemListElement":[{"@type":"ListItem","position":1,"name":"Strona g\u0142\u00f3wna","item":"https:\/\/zielonemarzenia.com\/de\/startseite\/"},{"@type":"ListItem","position":2,"name":"GR\u00dcNG\u00dcRTEL ENTLANG VON STRASSEN"}]},{"@type":"WebSite","@id":"https:\/\/zielonemarzenia.com\/de\/#website","url":"https:\/\/zielonemarzenia.com\/de\/","name":"ZIELONE MARZENIA","description":"","publisher":{"@id":"https:\/\/zielonemarzenia.com\/de\/#organization"},"potentialAction":[{"@type":"SearchAction","target":{"@type":"EntryPoint","urlTemplate":"https:\/\/zielonemarzenia.com\/de\/?s={search_term_string}"},"query-input":{"@type":"PropertyValueSpecification","valueRequired":true,"valueName":"search_term_string"}}],"inLanguage":"de"},{"@type":"Organization","@id":"https:\/\/zielonemarzenia.com\/de\/#organization","name":"ZIELONE MARZENIA","url":"https:\/\/zielonemarzenia.com\/de\/","logo":{"@type":"ImageObject","inLanguage":"de","@id":"https:\/\/zielonemarzenia.com\/de\/#\/schema\/logo\/image\/","url":"https:\/\/zielonemarzenia.com\/wp-content\/uploads\/2024\/03\/logo-1.png","contentUrl":"https:\/\/zielonemarzenia.com\/wp-content\/uploads\/2024\/03\/logo-1.png","width":155,"height":75,"caption":"ZIELONE MARZENIA"},"image":{"@id":"https:\/\/zielonemarzenia.com\/de\/#\/schema\/logo\/image\/"},"sameAs":["https:\/\/www.facebook.com\/zielone.marzenia.ogrody"]}]}},"_links":{"self":[{"href":"https:\/\/zielonemarzenia.com\/de\/wp-json\/wp\/v2\/pages\/2570","targetHints":{"allow":["GET"]}}],"collection":[{"href":"https:\/\/zielonemarzenia.com\/de\/wp-json\/wp\/v2\/pages"}],"about":[{"href":"https:\/\/zielonemarzenia.com\/de\/wp-json\/wp\/v2\/types\/page"}],"author":[{"embeddable":true,"href":"https:\/\/zielonemarzenia.com\/de\/wp-json\/wp\/v2\/users\/3"}],"replies":[{"embeddable":true,"href":"https:\/\/zielonemarzenia.com\/de\/wp-json\/wp\/v2\/comments?post=2570"}],"version-history":[{"count":2,"href":"https:\/\/zielonemarzenia.com\/de\/wp-json\/wp\/v2\/pages\/2570\/revisions"}],"predecessor-version":[{"id":4486,"href":"https:\/\/zielonemarzenia.com\/de\/wp-json\/wp\/v2\/pages\/2570\/revisions\/4486"}],"wp:attachment":[{"href":"https:\/\/zielonemarzenia.com\/de\/wp-json\/wp\/v2\/media?parent=2570"}],"curies":[{"name":"wp","href":"https:\/\/api.w.org\/{rel}","templated":true}]}}