{"id":2565,"date":"2025-04-09T10:22:53","date_gmt":"2025-04-09T08:22:53","guid":{"rendered":"https:\/\/zielonemarzenia.com\/urban-greenery\/"},"modified":"2026-01-16T12:47:49","modified_gmt":"2026-01-16T11:47:49","slug":"urban-greenery","status":"publish","type":"page","link":"https:\/\/zielonemarzenia.com\/de\/urban-greenery\/","title":{"rendered":"URBAN GREENERY"},"content":{"rendered":"\t\t<div data-elementor-type=\"wp-page\" data-elementor-id=\"2565\" class=\"elementor elementor-2565\" data-elementor-post-type=\"page\">\n\t\t\t\t<div class=\"elementor-element elementor-element-e3ed302 e-flex e-con-boxed e-con e-parent\" data-id=\"e3ed302\" data-element_type=\"container\" data-e-type=\"container\" data-settings=\"{&quot;background_background&quot;:&quot;classic&quot;}\">\n\t\t\t\t\t<div class=\"e-con-inner\">\n\t\t\t\t<div class=\"elementor-element elementor-element-c04ce51 elementor-widget elementor-widget-heading\" data-id=\"c04ce51\" data-element_type=\"widget\" data-e-type=\"widget\" data-widget_type=\"heading.default\">\n\t\t\t\t<div class=\"elementor-widget-container\">\n\t\t\t\t\t<h1 class=\"elementor-heading-title elementor-size-default\">URBAN GREENERY<\/h1>\t\t\t\t<\/div>\n\t\t\t\t<\/div>\n\t\t\t\t\t<\/div>\n\t\t\t\t<\/div>\n\t\t<div class=\"elementor-element elementor-element-3406d73 e-flex e-con-boxed e-con e-parent\" data-id=\"3406d73\" data-element_type=\"container\" data-e-type=\"container\">\n\t\t\t\t\t<div class=\"e-con-inner\">\n\t\t\t\t<div class=\"elementor-element elementor-element-88b4dfd elementor-widget elementor-widget-heading\" data-id=\"88b4dfd\" data-element_type=\"widget\" data-e-type=\"widget\" data-widget_type=\"heading.default\">\n\t\t\t\t<div class=\"elementor-widget-container\">\n\t\t\t\t\t<h3 class=\"elementor-heading-title elementor-size-default\">SEHEN SIE SICH UNSERE AUSGEW\u00c4HLTEN PROJEKTE AN<\/h3>\t\t\t\t<\/div>\n\t\t\t\t<\/div>\n\t\t\t\t<div class=\"elementor-element elementor-element-41ac57f elementor-widget elementor-widget-gallery\" data-id=\"41ac57f\" data-element_type=\"widget\" data-e-type=\"widget\" data-settings=\"{&quot;columns&quot;:3,&quot;lazyload&quot;:&quot;yes&quot;,&quot;gallery_layout&quot;:&quot;grid&quot;,&quot;columns_tablet&quot;:2,&quot;columns_mobile&quot;:1,&quot;gap&quot;:{&quot;unit&quot;:&quot;px&quot;,&quot;size&quot;:10,&quot;sizes&quot;:[]},&quot;gap_tablet&quot;:{&quot;unit&quot;:&quot;px&quot;,&quot;size&quot;:10,&quot;sizes&quot;:[]},&quot;gap_mobile&quot;:{&quot;unit&quot;:&quot;px&quot;,&quot;size&quot;:10,&quot;sizes&quot;:[]},&quot;link_to&quot;:&quot;file&quot;,&quot;aspect_ratio&quot;:&quot;3:2&quot;,&quot;overlay_background&quot;:&quot;yes&quot;,&quot;content_hover_animation&quot;:&quot;fade-in&quot;}\" data-widget_type=\"gallery.default\">\n\t\t\t\t<div class=\"elementor-widget-container\">\n\t\t\t\t\t\t\t<div class=\"elementor-gallery__container\">\n\t\t\t\t\t\t\t<a class=\"e-gallery-item elementor-gallery-item elementor-animated-content\" href=\"https:\/\/zielonemarzenia.com\/wp-content\/uploads\/2024\/03\/Rectangle-85.webp\" data-elementor-open-lightbox=\"yes\" data-elementor-lightbox-slideshow=\"41ac57f\" data-e-action-hash=\"#elementor-action%3Aaction%3Dlightbox%26settings%3DeyJpZCI6MTAwLCJ1cmwiOiJodHRwczpcL1wvemllbG9uZW1hcnplbmlhLmNvbVwvd3AtY29udGVudFwvdXBsb2Fkc1wvMjAyNFwvMDNcL1JlY3RhbmdsZS04NS53ZWJwIiwic2xpZGVzaG93IjoiNDFhYzU3ZiJ9\">\n\t\t\t\t\t<div class=\"e-gallery-image elementor-gallery-item__image\" data-thumbnail=\"https:\/\/zielonemarzenia.com\/wp-content\/uploads\/2024\/03\/Rectangle-85.webp\" data-width=\"545\" data-height=\"318\" aria-label=\"trawnik z rolki w parku miejskim - zielone marzenia\" role=\"img\" ><\/div>\n\t\t\t\t\t\t\t\t\t\t\t<div class=\"elementor-gallery-item__overlay\"><\/div>\n\t\t\t\t\t\t\t\t\t\t\t\t\t\t<\/a>\n\t\t\t\t\t<\/div>\n\t\t\t\t\t<\/div>\n\t\t\t\t<\/div>\n\t\t\t\t\t<\/div>\n\t\t\t\t<\/div>\n\t\t<div class=\"elementor-element elementor-element-0b15699 e-con-full e-flex e-con e-parent\" data-id=\"0b15699\" data-element_type=\"container\" data-e-type=\"container\" data-settings=\"{&quot;background_background&quot;:&quot;classic&quot;}\">\n\t\t<div class=\"elementor-element elementor-element-74ffedc e-con-full e-flex e-con e-child\" data-id=\"74ffedc\" data-element_type=\"container\" data-e-type=\"container\">\n\t\t<div class=\"elementor-element elementor-element-18b590c e-con-full e-flex e-con e-child\" data-id=\"18b590c\" data-element_type=\"container\" data-e-type=\"container\" data-settings=\"{&quot;background_background&quot;:&quot;classic&quot;}\">\n\t\t\t\t<div class=\"elementor-element elementor-element-719c6c3 elementor-widget elementor-widget-heading\" data-id=\"719c6c3\" data-element_type=\"widget\" data-e-type=\"widget\" data-widget_type=\"heading.default\">\n\t\t\t\t<div class=\"elementor-widget-container\">\n\t\t\t\t\t<h3 class=\"elementor-heading-title elementor-size-default\">Lebenswerte und naturfreundliche St\u00e4dte schaffen\n<\/h3>\t\t\t\t<\/div>\n\t\t\t\t<\/div>\n\t\t\t\t<div class=\"elementor-element elementor-element-140856f elementor-widget elementor-widget-text-editor\" data-id=\"140856f\" data-element_type=\"widget\" data-e-type=\"widget\" data-widget_type=\"text-editor.default\">\n\t\t\t\t<div class=\"elementor-widget-container\">\n\t\t\t\t\t\t\t\t\t<p>Vertrauen Sie den Spezialisten f\u00fcr Gr\u00fcnfl\u00e4chen &#8211; gemeinsam werden wir den st\u00e4dtischen Raum ver\u00e4ndern.<\/p>\t\t\t\t\t\t\t\t<\/div>\n\t\t\t\t<\/div>\n\t\t\t\t<div class=\"elementor-element elementor-element-1bbeb8f elementor-align-center elementor-widget elementor-widget-button\" data-id=\"1bbeb8f\" data-element_type=\"widget\" data-e-type=\"widget\" data-widget_type=\"button.default\">\n\t\t\t\t<div class=\"elementor-widget-container\">\n\t\t\t\t\t\t\t\t\t<div class=\"elementor-button-wrapper\">\n\t\t\t\t\t<a class=\"elementor-button elementor-button-link elementor-size-sm\" href=\"https:\/\/zielonemarzenia.com\/de\/kontakt\/?lang=de\">\n\t\t\t\t\t\t<span class=\"elementor-button-content-wrapper\">\n\t\t\t\t\t\t\t\t\t<span class=\"elementor-button-text\">KONTAKT<\/span>\n\t\t\t\t\t<\/span>\n\t\t\t\t\t<\/a>\n\t\t\t\t<\/div>\n\t\t\t\t\t\t\t\t<\/div>\n\t\t\t\t<\/div>\n\t\t\t\t<\/div>\n\t\t\t\t<\/div>\n\t\t\t\t<\/div>\n\t\t\t\t<\/div>\n\t\t","protected":false},"excerpt":{"rendered":"<p>URBAN GREENERY SEHEN SIE SICH UNSERE AUSGEW\u00c4HLTEN PROJEKTE AN Lebenswerte und naturfreundliche St\u00e4dte schaffen Vertrauen Sie den Spezialisten f\u00fcr Gr\u00fcnfl\u00e4chen &#8211; gemeinsam werden wir den st\u00e4dtischen Raum ver\u00e4ndern. KONTAKT<\/p>\n","protected":false},"author":3,"featured_media":0,"parent":0,"menu_order":0,"comment_status":"closed","ping_status":"closed","template":"","meta":{"footnotes":""},"class_list":["post-2565","page","type-page","status-publish","hentry"],"yoast_head":"<!-- This site is optimized with the Yoast SEO plugin v26.9 - https:\/\/yoast.com\/product\/yoast-seo-wordpress\/ -->\n<title>URBAN GREENERY - ZIELONE MARZENIA<\/title>\n<meta name=\"robots\" content=\"index, follow, max-snippet:-1, max-image-preview:large, max-video-preview:-1\" \/>\n<link rel=\"canonical\" href=\"https:\/\/zielonemarzenia.com\/de\/urban-greenery\/\" \/>\n<meta property=\"og:locale\" content=\"de_DE\" \/>\n<meta property=\"og:type\" content=\"article\" \/>\n<meta property=\"og:title\" content=\"URBAN GREENERY - ZIELONE MARZENIA\" \/>\n<meta property=\"og:description\" content=\"URBAN GREENERY SEHEN SIE SICH UNSERE AUSGEW\u00c4HLTEN PROJEKTE AN Lebenswerte und naturfreundliche St\u00e4dte schaffen Vertrauen Sie den Spezialisten f\u00fcr Gr\u00fcnfl\u00e4chen &#8211; gemeinsam werden wir den st\u00e4dtischen Raum ver\u00e4ndern. KONTAKT\" \/>\n<meta property=\"og:url\" content=\"https:\/\/zielonemarzenia.com\/de\/urban-greenery\/\" \/>\n<meta property=\"og:site_name\" content=\"ZIELONE MARZENIA\" \/>\n<meta property=\"article:publisher\" content=\"https:\/\/www.facebook.com\/zielone.marzenia.ogrody\" \/>\n<meta property=\"article:modified_time\" content=\"2026-01-16T11:47:49+00:00\" \/>\n<meta name=\"twitter:card\" content=\"summary_large_image\" \/>\n<meta name=\"twitter:label1\" content=\"Gesch\u00e4tzte Lesezeit\" \/>\n\t<meta name=\"twitter:data1\" content=\"1\u00a0Minute\" \/>\n<script type=\"application\/ld+json\" class=\"yoast-schema-graph\">{\"@context\":\"https:\/\/schema.org\",\"@graph\":[{\"@type\":\"WebPage\",\"@id\":\"https:\/\/zielonemarzenia.com\/de\/urban-greenery\/\",\"url\":\"https:\/\/zielonemarzenia.com\/de\/urban-greenery\/\",\"name\":\"URBAN GREENERY - ZIELONE MARZENIA\",\"isPartOf\":{\"@id\":\"https:\/\/zielonemarzenia.com\/de\/#website\"},\"datePublished\":\"2025-04-09T08:22:53+00:00\",\"dateModified\":\"2026-01-16T11:47:49+00:00\",\"breadcrumb\":{\"@id\":\"https:\/\/zielonemarzenia.com\/de\/urban-greenery\/#breadcrumb\"},\"inLanguage\":\"de\",\"potentialAction\":[{\"@type\":\"ReadAction\",\"target\":[\"https:\/\/zielonemarzenia.com\/de\/urban-greenery\/\"]}]},{\"@type\":\"BreadcrumbList\",\"@id\":\"https:\/\/zielonemarzenia.com\/de\/urban-greenery\/#breadcrumb\",\"itemListElement\":[{\"@type\":\"ListItem\",\"position\":1,\"name\":\"Strona g\u0142\u00f3wna\",\"item\":\"https:\/\/zielonemarzenia.com\/de\/startseite\/\"},{\"@type\":\"ListItem\",\"position\":2,\"name\":\"URBAN GREENERY\"}]},{\"@type\":\"WebSite\",\"@id\":\"https:\/\/zielonemarzenia.com\/de\/#website\",\"url\":\"https:\/\/zielonemarzenia.com\/de\/\",\"name\":\"ZIELONE MARZENIA\",\"description\":\"\",\"publisher\":{\"@id\":\"https:\/\/zielonemarzenia.com\/de\/#organization\"},\"potentialAction\":[{\"@type\":\"SearchAction\",\"target\":{\"@type\":\"EntryPoint\",\"urlTemplate\":\"https:\/\/zielonemarzenia.com\/de\/?s={search_term_string}\"},\"query-input\":{\"@type\":\"PropertyValueSpecification\",\"valueRequired\":true,\"valueName\":\"search_term_string\"}}],\"inLanguage\":\"de\"},{\"@type\":\"Organization\",\"@id\":\"https:\/\/zielonemarzenia.com\/de\/#organization\",\"name\":\"ZIELONE MARZENIA\",\"url\":\"https:\/\/zielonemarzenia.com\/de\/\",\"logo\":{\"@type\":\"ImageObject\",\"inLanguage\":\"de\",\"@id\":\"https:\/\/zielonemarzenia.com\/de\/#\/schema\/logo\/image\/\",\"url\":\"https:\/\/zielonemarzenia.com\/wp-content\/uploads\/2024\/03\/logo-1.png\",\"contentUrl\":\"https:\/\/zielonemarzenia.com\/wp-content\/uploads\/2024\/03\/logo-1.png\",\"width\":155,\"height\":75,\"caption\":\"ZIELONE MARZENIA\"},\"image\":{\"@id\":\"https:\/\/zielonemarzenia.com\/de\/#\/schema\/logo\/image\/\"},\"sameAs\":[\"https:\/\/www.facebook.com\/zielone.marzenia.ogrody\"]}]}<\/script>\n<!-- \/ Yoast SEO plugin. -->","yoast_head_json":{"title":"URBAN GREENERY - ZIELONE MARZENIA","robots":{"index":"index","follow":"follow","max-snippet":"max-snippet:-1","max-image-preview":"max-image-preview:large","max-video-preview":"max-video-preview:-1"},"canonical":"https:\/\/zielonemarzenia.com\/de\/urban-greenery\/","og_locale":"de_DE","og_type":"article","og_title":"URBAN GREENERY - ZIELONE MARZENIA","og_description":"URBAN GREENERY SEHEN SIE SICH UNSERE AUSGEW\u00c4HLTEN PROJEKTE AN Lebenswerte und naturfreundliche St\u00e4dte schaffen Vertrauen Sie den Spezialisten f\u00fcr Gr\u00fcnfl\u00e4chen &#8211; gemeinsam werden wir den st\u00e4dtischen Raum ver\u00e4ndern. KONTAKT","og_url":"https:\/\/zielonemarzenia.com\/de\/urban-greenery\/","og_site_name":"ZIELONE MARZENIA","article_publisher":"https:\/\/www.facebook.com\/zielone.marzenia.ogrody","article_modified_time":"2026-01-16T11:47:49+00:00","twitter_card":"summary_large_image","twitter_misc":{"Gesch\u00e4tzte Lesezeit":"1\u00a0Minute"},"schema":{"@context":"https:\/\/schema.org","@graph":[{"@type":"WebPage","@id":"https:\/\/zielonemarzenia.com\/de\/urban-greenery\/","url":"https:\/\/zielonemarzenia.com\/de\/urban-greenery\/","name":"URBAN GREENERY - ZIELONE MARZENIA","isPartOf":{"@id":"https:\/\/zielonemarzenia.com\/de\/#website"},"datePublished":"2025-04-09T08:22:53+00:00","dateModified":"2026-01-16T11:47:49+00:00","breadcrumb":{"@id":"https:\/\/zielonemarzenia.com\/de\/urban-greenery\/#breadcrumb"},"inLanguage":"de","potentialAction":[{"@type":"ReadAction","target":["https:\/\/zielonemarzenia.com\/de\/urban-greenery\/"]}]},{"@type":"BreadcrumbList","@id":"https:\/\/zielonemarzenia.com\/de\/urban-greenery\/#breadcrumb","itemListElement":[{"@type":"ListItem","position":1,"name":"Strona g\u0142\u00f3wna","item":"https:\/\/zielonemarzenia.com\/de\/startseite\/"},{"@type":"ListItem","position":2,"name":"URBAN GREENERY"}]},{"@type":"WebSite","@id":"https:\/\/zielonemarzenia.com\/de\/#website","url":"https:\/\/zielonemarzenia.com\/de\/","name":"ZIELONE MARZENIA","description":"","publisher":{"@id":"https:\/\/zielonemarzenia.com\/de\/#organization"},"potentialAction":[{"@type":"SearchAction","target":{"@type":"EntryPoint","urlTemplate":"https:\/\/zielonemarzenia.com\/de\/?s={search_term_string}"},"query-input":{"@type":"PropertyValueSpecification","valueRequired":true,"valueName":"search_term_string"}}],"inLanguage":"de"},{"@type":"Organization","@id":"https:\/\/zielonemarzenia.com\/de\/#organization","name":"ZIELONE MARZENIA","url":"https:\/\/zielonemarzenia.com\/de\/","logo":{"@type":"ImageObject","inLanguage":"de","@id":"https:\/\/zielonemarzenia.com\/de\/#\/schema\/logo\/image\/","url":"https:\/\/zielonemarzenia.com\/wp-content\/uploads\/2024\/03\/logo-1.png","contentUrl":"https:\/\/zielonemarzenia.com\/wp-content\/uploads\/2024\/03\/logo-1.png","width":155,"height":75,"caption":"ZIELONE MARZENIA"},"image":{"@id":"https:\/\/zielonemarzenia.com\/de\/#\/schema\/logo\/image\/"},"sameAs":["https:\/\/www.facebook.com\/zielone.marzenia.ogrody"]}]}},"_links":{"self":[{"href":"https:\/\/zielonemarzenia.com\/de\/wp-json\/wp\/v2\/pages\/2565","targetHints":{"allow":["GET"]}}],"collection":[{"href":"https:\/\/zielonemarzenia.com\/de\/wp-json\/wp\/v2\/pages"}],"about":[{"href":"https:\/\/zielonemarzenia.com\/de\/wp-json\/wp\/v2\/types\/page"}],"author":[{"embeddable":true,"href":"https:\/\/zielonemarzenia.com\/de\/wp-json\/wp\/v2\/users\/3"}],"replies":[{"embeddable":true,"href":"https:\/\/zielonemarzenia.com\/de\/wp-json\/wp\/v2\/comments?post=2565"}],"version-history":[{"count":2,"href":"https:\/\/zielonemarzenia.com\/de\/wp-json\/wp\/v2\/pages\/2565\/revisions"}],"predecessor-version":[{"id":4492,"href":"https:\/\/zielonemarzenia.com\/de\/wp-json\/wp\/v2\/pages\/2565\/revisions\/4492"}],"wp:attachment":[{"href":"https:\/\/zielonemarzenia.com\/de\/wp-json\/wp\/v2\/media?parent=2565"}],"curies":[{"name":"wp","href":"https:\/\/api.w.org\/{rel}","templated":true}]}}