{"id":1455,"date":"2024-03-25T11:35:10","date_gmt":"2024-03-25T10:35:10","guid":{"rendered":"https:\/\/zielonemarzenia.com\/ueber-das-unternehmen\/"},"modified":"2026-01-16T12:36:17","modified_gmt":"2026-01-16T11:36:17","slug":"ueber-uns","status":"publish","type":"page","link":"https:\/\/zielonemarzenia.com\/de\/ueber-uns\/","title":{"rendered":"\u00dcBER UNS"},"content":{"rendered":"\t\t<div data-elementor-type=\"wp-page\" data-elementor-id=\"1455\" class=\"elementor elementor-1455 elementor-127\" data-elementor-post-type=\"page\">\n\t\t\t\t<div class=\"elementor-element elementor-element-9b6c7bd e-flex e-con-boxed e-con e-parent\" data-id=\"9b6c7bd\" data-element_type=\"container\" data-e-type=\"container\" data-settings=\"{&quot;background_background&quot;:&quot;classic&quot;}\">\n\t\t\t\t\t<div class=\"e-con-inner\">\n\t\t\t\t<div class=\"elementor-element elementor-element-95dedc3 elementor-widget elementor-widget-heading\" data-id=\"95dedc3\" data-element_type=\"widget\" data-e-type=\"widget\" data-widget_type=\"heading.default\">\n\t\t\t\t<div class=\"elementor-widget-container\">\n\t\t\t\t\t<h1 class=\"elementor-heading-title elementor-size-default\">\u00dcBER UNS<\/h1>\t\t\t\t<\/div>\n\t\t\t\t<\/div>\n\t\t\t\t\t<\/div>\n\t\t\t\t<\/div>\n\t\t<div class=\"elementor-element elementor-element-6be1fd8 e-flex e-con-boxed e-con e-parent\" data-id=\"6be1fd8\" data-element_type=\"container\" data-e-type=\"container\" data-settings=\"{&quot;background_background&quot;:&quot;classic&quot;}\">\n\t\t\t\t\t<div class=\"e-con-inner\">\n\t\t<div class=\"elementor-element elementor-element-772273d e-flex e-con-boxed e-con e-child\" data-id=\"772273d\" data-element_type=\"container\" data-e-type=\"container\">\n\t\t\t\t\t<div class=\"e-con-inner\">\n\t\t<div class=\"elementor-element elementor-element-c108f82 e-con-full e-flex e-con e-child\" data-id=\"c108f82\" data-element_type=\"container\" data-e-type=\"container\" data-settings=\"{&quot;background_background&quot;:&quot;classic&quot;}\">\n\t\t\t\t<\/div>\n\t\t<div class=\"elementor-element elementor-element-77d6859 e-flex e-con-boxed e-con e-child\" data-id=\"77d6859\" data-element_type=\"container\" data-e-type=\"container\">\n\t\t\t\t\t<div class=\"e-con-inner\">\n\t\t\t\t<div class=\"elementor-element elementor-element-d173d96 elementor-widget elementor-widget-heading\" data-id=\"d173d96\" data-element_type=\"widget\" data-e-type=\"widget\" data-widget_type=\"heading.default\">\n\t\t\t\t<div class=\"elementor-widget-container\">\n\t\t\t\t\t<h2 class=\"elementor-heading-title elementor-size-default\">ZIELONE <br>\nMARZENIA<\/h2>\t\t\t\t<\/div>\n\t\t\t\t<\/div>\n\t\t\t\t<div class=\"elementor-element elementor-element-4869e4b elementor-widget-divider--view-line elementor-widget elementor-widget-divider\" data-id=\"4869e4b\" data-element_type=\"widget\" data-e-type=\"widget\" data-widget_type=\"divider.default\">\n\t\t\t\t<div class=\"elementor-widget-container\">\n\t\t\t\t\t\t\t<div class=\"elementor-divider\">\n\t\t\t<span class=\"elementor-divider-separator\">\n\t\t\t\t\t\t<\/span>\n\t\t<\/div>\n\t\t\t\t\t\t<\/div>\n\t\t\t\t<\/div>\n\t\t\t\t<div class=\"elementor-element elementor-element-0cddec3 elementor-widget elementor-widget-text-editor\" data-id=\"0cddec3\" data-element_type=\"widget\" data-e-type=\"widget\" data-widget_type=\"text-editor.default\">\n\t\t\t\t<div class=\"elementor-widget-container\">\n\t\t\t\t\t\t\t\t\t<p>Wir sind ein Handelspartner mit einem Vertriebsnetz des gr\u00f6\u00dften Rasenplantagen- und Rasenlieferanten in diesem Teil Europas mit 25-j\u00e4hriger Tradition &#8211;\u00a0<strong><a href=\"https:\/\/trawnikproducent.pl\/\" target=\"_blank\" rel=\"noopener\">TRAWNIK PRODUCENT<\/a><\/strong>. Wir bieten Sportrasen in Rollen sowie erg\u00e4nzende Produkte wie Rasensamen und Rasend\u00fcnger an.<\/p><p>Wir setzen auf Erfahrung und einen professionellen Umgang mit dem Kunden. Wir wissen, dass jedes Projekt einzigartig ist, und deshalb gehen wir bei jedem Auftrag individuell vor. Unser wachsender Bestand an zufriedenen Kunden ist der Beweis daf\u00fcr.<\/p><p>Wir begleiten Sie von dem Moment an, in dem Sie sich f\u00fcr einen Rollrasen entscheiden, \u00fcber die Installation bis hin zur Pflege und bieten Ihnen in jeder Phase fachkundigen Rat.<\/p>\t\t\t\t\t\t\t\t<\/div>\n\t\t\t\t<\/div>\n\t\t\t\t<div class=\"elementor-element elementor-element-479b4f2 elementor-widget elementor-widget-button\" data-id=\"479b4f2\" data-element_type=\"widget\" data-e-type=\"widget\" data-widget_type=\"button.default\">\n\t\t\t\t<div class=\"elementor-widget-container\">\n\t\t\t\t\t\t\t\t\t<div class=\"elementor-button-wrapper\">\n\t\t\t\t\t<a class=\"elementor-button elementor-button-link elementor-size-sm\" href=\"https:\/\/zielonemarzenia.com\/kontakt\/?lang=de\">\n\t\t\t\t\t\t<span class=\"elementor-button-content-wrapper\">\n\t\t\t\t\t\t\t\t\t<span class=\"elementor-button-text\">EINE ANFRAGE STELLEN<\/span>\n\t\t\t\t\t<\/span>\n\t\t\t\t\t<\/a>\n\t\t\t\t<\/div>\n\t\t\t\t\t\t\t\t<\/div>\n\t\t\t\t<\/div>\n\t\t\t\t\t<\/div>\n\t\t\t\t<\/div>\n\t\t\t\t\t<\/div>\n\t\t\t\t<\/div>\n\t\t\t\t\t<\/div>\n\t\t\t\t<\/div>\n\t\t<div class=\"elementor-element elementor-element-72473aa e-flex e-con-boxed e-con e-parent\" data-id=\"72473aa\" data-element_type=\"container\" data-e-type=\"container\" data-settings=\"{&quot;background_background&quot;:&quot;classic&quot;}\">\n\t\t\t\t\t<div class=\"e-con-inner\">\n\t\t<div class=\"elementor-element elementor-element-57ed323 e-flex e-con-boxed e-con e-child\" data-id=\"57ed323\" data-element_type=\"container\" data-e-type=\"container\" data-settings=\"{&quot;background_background&quot;:&quot;classic&quot;}\">\n\t\t\t\t\t<div class=\"e-con-inner\">\n\t\t\t\t<div class=\"elementor-element elementor-element-60a4410 elementor-widget elementor-widget-image\" data-id=\"60a4410\" data-element_type=\"widget\" data-e-type=\"widget\" data-widget_type=\"image.default\">\n\t\t\t\t<div class=\"elementor-widget-container\">\n\t\t\t\t\t\t\t\t\t\t\t\t\t\t\t<img decoding=\"async\" width=\"180\" height=\"180\" src=\"https:\/\/zielonemarzenia.com\/wp-content\/uploads\/2024\/03\/Ellipse-18.png\" class=\"attachment-large size-large wp-image-156\" alt=\"trawnik z rolki - trawa z rolki katowice\" srcset=\"https:\/\/zielonemarzenia.com\/wp-content\/uploads\/2024\/03\/Ellipse-18.png 180w, https:\/\/zielonemarzenia.com\/wp-content\/uploads\/2024\/03\/Ellipse-18-150x150.png 150w\" sizes=\"(max-width: 180px) 100vw, 180px\" \/>\t\t\t\t\t\t\t\t\t\t\t\t\t\t\t<\/div>\n\t\t\t\t<\/div>\n\t\t\t\t<div class=\"elementor-element elementor-element-2172cb4 elementor-widget elementor-widget-heading\" data-id=\"2172cb4\" data-element_type=\"widget\" data-e-type=\"widget\" data-widget_type=\"heading.default\">\n\t\t\t\t<div class=\"elementor-widget-container\">\n\t\t\t\t\t<h3 class=\"elementor-heading-title elementor-size-default\">EIN GR\u00dcNER RASEN<br>  ALS ANDERSWO<\/h3>\t\t\t\t<\/div>\n\t\t\t\t<\/div>\n\t\t\t\t<div class=\"elementor-element elementor-element-77e50c2 elementor-widget elementor-widget-text-editor\" data-id=\"77e50c2\" data-element_type=\"widget\" data-e-type=\"widget\" data-widget_type=\"text-editor.default\">\n\t\t\t\t<div class=\"elementor-widget-container\">\n\t\t\t\t\t\t\t\t\t<p>Unsere Sport-Garten-Rasenrolle zeichnet sich durch hervorragende Qualit\u00e4t und Strapazierf\u00e4higkeit gegen Abnutzung und Verschlei\u00df aus. Richtig gepflegt, wird er viele Jahre lang die Augen erfreuen.<\/p>\n\t\t\t\t\t\t\t\t<\/div>\n\t\t\t\t<\/div>\n\t\t\t\t\t<\/div>\n\t\t\t\t<\/div>\n\t\t\t\t\t<\/div>\n\t\t\t\t<\/div>\n\t\t<div class=\"elementor-element elementor-element-9673109 e-flex e-con-boxed e-con e-parent\" data-id=\"9673109\" data-element_type=\"container\" data-e-type=\"container\">\n\t\t\t\t\t<div class=\"e-con-inner\">\n\t\t<div class=\"elementor-element elementor-element-b5b0471 e-flex e-con-boxed e-con e-child\" data-id=\"b5b0471\" data-element_type=\"container\" data-e-type=\"container\">\n\t\t\t\t\t<div class=\"e-con-inner\">\n\t\t\t\t<div class=\"elementor-element elementor-element-7bb0d95 animated-fast e-transform elementor-invisible elementor-widget elementor-widget-image\" data-id=\"7bb0d95\" data-element_type=\"widget\" data-e-type=\"widget\" data-settings=\"{&quot;_animation&quot;:&quot;fadeIn&quot;,&quot;_transform_scale_effect_hover&quot;:{&quot;unit&quot;:&quot;px&quot;,&quot;size&quot;:1.05,&quot;sizes&quot;:[]},&quot;_transform_scale_effect_hover_tablet&quot;:{&quot;unit&quot;:&quot;px&quot;,&quot;size&quot;:&quot;&quot;,&quot;sizes&quot;:[]},&quot;_transform_scale_effect_hover_mobile&quot;:{&quot;unit&quot;:&quot;px&quot;,&quot;size&quot;:&quot;&quot;,&quot;sizes&quot;:[]}}\" data-widget_type=\"image.default\">\n\t\t\t\t<div class=\"elementor-widget-container\">\n\t\t\t\t\t\t\t\t\t\t\t\t\t\t\t\t<a href=\"https:\/\/zielonemarzenia.com\/rolling-grand\/?lang=de\">\n\t\t\t\t\t\t\t<img fetchpriority=\"high\" decoding=\"async\" width=\"306\" height=\"204\" src=\"https:\/\/zielonemarzenia.com\/wp-content\/uploads\/2024\/03\/Rectangle-82.webp\" class=\"attachment-large size-large wp-image-174\" alt=\"trawnik z rolki - rozk\u0142adanie trawnika w ogrodzie przydomowym\" srcset=\"https:\/\/zielonemarzenia.com\/wp-content\/uploads\/2024\/03\/Rectangle-82.webp 306w, https:\/\/zielonemarzenia.com\/wp-content\/uploads\/2024\/03\/Rectangle-82-300x200.webp 300w\" sizes=\"(max-width: 306px) 100vw, 306px\" \/>\t\t\t\t\t\t\t\t<\/a>\n\t\t\t\t\t\t\t\t\t\t\t\t\t\t\t<\/div>\n\t\t\t\t<\/div>\n\t\t\t\t<div class=\"elementor-element elementor-element-1babe86 elementor-widget elementor-widget-heading\" data-id=\"1babe86\" data-element_type=\"widget\" data-e-type=\"widget\" data-widget_type=\"heading.default\">\n\t\t\t\t<div class=\"elementor-widget-container\">\n\t\t\t\t\t<h4 class=\"elementor-heading-title elementor-size-default\"><a href=\"https:\/\/zielonemarzenia.com\/rolling-grand\/?lang=de\">Premium Rollrasen<\/a><\/h4>\t\t\t\t<\/div>\n\t\t\t\t<\/div>\n\t\t\t\t\t<\/div>\n\t\t\t\t<\/div>\n\t\t<div class=\"elementor-element elementor-element-3e126c8 e-flex e-con-boxed e-con e-child\" data-id=\"3e126c8\" data-element_type=\"container\" data-e-type=\"container\">\n\t\t\t\t\t<div class=\"e-con-inner\">\n\t\t\t\t<div class=\"elementor-element elementor-element-139a03d e-transform elementor-invisible elementor-widget elementor-widget-image\" data-id=\"139a03d\" data-element_type=\"widget\" data-e-type=\"widget\" data-settings=\"{&quot;_animation&quot;:&quot;fadeIn&quot;,&quot;_transform_scale_effect_hover&quot;:{&quot;unit&quot;:&quot;px&quot;,&quot;size&quot;:1.05,&quot;sizes&quot;:[]},&quot;_transform_scale_effect_hover_tablet&quot;:{&quot;unit&quot;:&quot;px&quot;,&quot;size&quot;:&quot;&quot;,&quot;sizes&quot;:[]},&quot;_transform_scale_effect_hover_mobile&quot;:{&quot;unit&quot;:&quot;px&quot;,&quot;size&quot;:&quot;&quot;,&quot;sizes&quot;:[]}}\" data-widget_type=\"image.default\">\n\t\t\t\t<div class=\"elementor-widget-container\">\n\t\t\t\t\t\t\t\t\t\t\t\t\t\t\t\t<a href=\"https:\/\/zielonemarzenia.com\/produkte\/?lang=de\/#nachsaat-gras\">\n\t\t\t\t\t\t\t<img decoding=\"async\" width=\"306\" height=\"204\" src=\"https:\/\/zielonemarzenia.com\/wp-content\/uploads\/2024\/04\/O-FIRMIE_dosiewki.webp\" class=\"attachment-large size-large wp-image-820\" alt=\"dosiewki trawy do trawnika z rolki - zielone marzenia\" srcset=\"https:\/\/zielonemarzenia.com\/wp-content\/uploads\/2024\/04\/O-FIRMIE_dosiewki.webp 306w, https:\/\/zielonemarzenia.com\/wp-content\/uploads\/2024\/04\/O-FIRMIE_dosiewki-300x200.webp 300w\" sizes=\"(max-width: 306px) 100vw, 306px\" \/>\t\t\t\t\t\t\t\t<\/a>\n\t\t\t\t\t\t\t\t\t\t\t\t\t\t\t<\/div>\n\t\t\t\t<\/div>\n\t\t\t\t<div class=\"elementor-element elementor-element-93e6f34 elementor-widget elementor-widget-heading\" data-id=\"93e6f34\" data-element_type=\"widget\" data-e-type=\"widget\" data-widget_type=\"heading.default\">\n\t\t\t\t<div class=\"elementor-widget-container\">\n\t\t\t\t\t<h4 class=\"elementor-heading-title elementor-size-default\"><a href=\"https:\/\/zielonemarzenia.com\/produkte\/?lang=de\/#nachsaat-gras\">Gras nachs\u00e4en<\/a><\/h4>\t\t\t\t<\/div>\n\t\t\t\t<\/div>\n\t\t\t\t\t<\/div>\n\t\t\t\t<\/div>\n\t\t<div class=\"elementor-element elementor-element-dd08f3f e-flex e-con-boxed e-con e-child\" data-id=\"dd08f3f\" data-element_type=\"container\" data-e-type=\"container\">\n\t\t\t\t\t<div class=\"e-con-inner\">\n\t\t\t\t<div class=\"elementor-element elementor-element-d434348 animated-slow e-transform elementor-invisible elementor-widget elementor-widget-image\" data-id=\"d434348\" data-element_type=\"widget\" data-e-type=\"widget\" data-settings=\"{&quot;_animation&quot;:&quot;fadeIn&quot;,&quot;_transform_scale_effect_hover&quot;:{&quot;unit&quot;:&quot;px&quot;,&quot;size&quot;:1.05,&quot;sizes&quot;:[]},&quot;_transform_scale_effect_hover_tablet&quot;:{&quot;unit&quot;:&quot;px&quot;,&quot;size&quot;:&quot;&quot;,&quot;sizes&quot;:[]},&quot;_transform_scale_effect_hover_mobile&quot;:{&quot;unit&quot;:&quot;px&quot;,&quot;size&quot;:&quot;&quot;,&quot;sizes&quot;:[]}}\" data-widget_type=\"image.default\">\n\t\t\t\t<div class=\"elementor-widget-container\">\n\t\t\t\t\t\t\t\t\t\t\t\t\t\t\t\t<a href=\"https:\/\/zielonemarzenia.com\/produkte\/?lang=de\/#dungemittel\">\n\t\t\t\t\t\t\t<img loading=\"lazy\" decoding=\"async\" width=\"306\" height=\"204\" src=\"https:\/\/zielonemarzenia.com\/wp-content\/uploads\/2024\/04\/O-FIRMIE_nawozy.webp\" class=\"attachment-large size-large wp-image-824\" alt=\"naw\u00f3z do trawnika z rolki - zielone marzenia asortyment\" srcset=\"https:\/\/zielonemarzenia.com\/wp-content\/uploads\/2024\/04\/O-FIRMIE_nawozy.webp 306w, https:\/\/zielonemarzenia.com\/wp-content\/uploads\/2024\/04\/O-FIRMIE_nawozy-300x200.webp 300w\" sizes=\"(max-width: 306px) 100vw, 306px\" \/>\t\t\t\t\t\t\t\t<\/a>\n\t\t\t\t\t\t\t\t\t\t\t\t\t\t\t<\/div>\n\t\t\t\t<\/div>\n\t\t\t\t<div class=\"elementor-element elementor-element-f718c10 elementor-widget elementor-widget-heading\" data-id=\"f718c10\" data-element_type=\"widget\" data-e-type=\"widget\" data-widget_type=\"heading.default\">\n\t\t\t\t<div class=\"elementor-widget-container\">\n\t\t\t\t\t<h4 class=\"elementor-heading-title elementor-size-default\"><a href=\"https:\/\/zielonemarzenia.com\/produkte\/?lang=de\/#dungemittel\">Rasend\u00fcnger<\/a><\/h4>\t\t\t\t<\/div>\n\t\t\t\t<\/div>\n\t\t\t\t\t<\/div>\n\t\t\t\t<\/div>\n\t\t<div class=\"elementor-element elementor-element-88006df e-flex e-con-boxed e-con e-child\" data-id=\"88006df\" data-element_type=\"container\" data-e-type=\"container\">\n\t\t\t\t\t<div class=\"e-con-inner\">\n\t\t\t\t<div class=\"elementor-element elementor-element-c21ef0c animated-slow e-transform elementor-invisible elementor-widget elementor-widget-image\" data-id=\"c21ef0c\" data-element_type=\"widget\" data-e-type=\"widget\" data-settings=\"{&quot;_animation&quot;:&quot;fadeIn&quot;,&quot;_animation_delay&quot;:300,&quot;_transform_scale_effect_hover&quot;:{&quot;unit&quot;:&quot;px&quot;,&quot;size&quot;:1.05,&quot;sizes&quot;:[]},&quot;_transform_scale_effect_hover_tablet&quot;:{&quot;unit&quot;:&quot;px&quot;,&quot;size&quot;:&quot;&quot;,&quot;sizes&quot;:[]},&quot;_transform_scale_effect_hover_mobile&quot;:{&quot;unit&quot;:&quot;px&quot;,&quot;size&quot;:&quot;&quot;,&quot;sizes&quot;:[]}}\" data-widget_type=\"image.default\">\n\t\t\t\t<div class=\"elementor-widget-container\">\n\t\t\t\t\t\t\t\t\t\t\t\t\t\t\t\t<a href=\"https:\/\/zielonemarzenia.com\/produkte\/?lang=de\/#maulwurfnetz\">\n\t\t\t\t\t\t\t<img loading=\"lazy\" decoding=\"async\" width=\"306\" height=\"204\" src=\"https:\/\/zielonemarzenia.com\/wp-content\/uploads\/2024\/04\/O-FIRMIE_kratka-na-krety.webp\" class=\"attachment-large size-large wp-image-819\" alt=\"siatka na krety - produkty zielone marzenia\" srcset=\"https:\/\/zielonemarzenia.com\/wp-content\/uploads\/2024\/04\/O-FIRMIE_kratka-na-krety.webp 306w, https:\/\/zielonemarzenia.com\/wp-content\/uploads\/2024\/04\/O-FIRMIE_kratka-na-krety-300x200.webp 300w\" sizes=\"(max-width: 306px) 100vw, 306px\" \/>\t\t\t\t\t\t\t\t<\/a>\n\t\t\t\t\t\t\t\t\t\t\t\t\t\t\t<\/div>\n\t\t\t\t<\/div>\n\t\t\t\t<div class=\"elementor-element elementor-element-40dbf7e elementor-widget elementor-widget-heading\" data-id=\"40dbf7e\" data-element_type=\"widget\" data-e-type=\"widget\" data-widget_type=\"heading.default\">\n\t\t\t\t<div class=\"elementor-widget-container\">\n\t\t\t\t\t<h4 class=\"elementor-heading-title elementor-size-default\"><a href=\"https:\/\/zielonemarzenia.com\/produkte\/?lang=de\/#maulwurfnetz\">Maulwurfsgrill<\/a><\/h4>\t\t\t\t<\/div>\n\t\t\t\t<\/div>\n\t\t\t\t\t<\/div>\n\t\t\t\t<\/div>\n\t\t\t\t\t<\/div>\n\t\t\t\t<\/div>\n\t\t\t\t<\/div>\n\t\t","protected":false},"excerpt":{"rendered":"<p>\u00dcBER UNS ZIELONE MARZENIA Wir sind ein Handelspartner mit einem Vertriebsnetz des gr\u00f6\u00dften Rasenplantagen- und Rasenlieferanten in diesem Teil Europas mit 25-j\u00e4hriger Tradition &#8211;\u00a0TRAWNIK PRODUCENT. Wir bieten Sportrasen in Rollen sowie erg\u00e4nzende Produkte wie Rasensamen und Rasend\u00fcnger an. Wir setzen auf Erfahrung und einen professionellen Umgang mit dem Kunden. Wir wissen, dass jedes Projekt einzigartig [&hellip;]<\/p>\n","protected":false},"author":1,"featured_media":0,"parent":0,"menu_order":0,"comment_status":"closed","ping_status":"closed","template":"","meta":{"footnotes":""},"class_list":["post-1455","page","type-page","status-publish","hentry"],"yoast_head":"<!-- This site is optimized with the Yoast SEO plugin v26.9 - https:\/\/yoast.com\/product\/yoast-seo-wordpress\/ -->\n<title>Rollrasenverteiler - ZIELONE MARZENIA<\/title>\n<meta name=\"description\" content=\"Handelspartner mit einem Vertriebsnetz von Rasenplantagen und einem Rasenlieferanten mit 25-j\u00e4hriger Tradition - TRAWN PRODUCER.\" \/>\n<meta name=\"robots\" content=\"index, follow, max-snippet:-1, max-image-preview:large, max-video-preview:-1\" \/>\n<link rel=\"canonical\" href=\"https:\/\/zielonemarzenia.com\/de\/ueber-uns\/\" \/>\n<meta property=\"og:locale\" content=\"de_DE\" \/>\n<meta property=\"og:type\" content=\"article\" \/>\n<meta property=\"og:title\" content=\"Rollrasenverteiler - ZIELONE MARZENIA\" \/>\n<meta property=\"og:description\" content=\"Handelspartner mit einem Vertriebsnetz von Rasenplantagen und einem Rasenlieferanten mit 25-j\u00e4hriger Tradition - TRAWN PRODUCER.\" \/>\n<meta property=\"og:url\" content=\"https:\/\/zielonemarzenia.com\/de\/ueber-uns\/\" \/>\n<meta property=\"og:site_name\" content=\"ZIELONE MARZENIA\" \/>\n<meta property=\"article:publisher\" content=\"https:\/\/www.facebook.com\/zielone.marzenia.ogrody\" \/>\n<meta property=\"article:modified_time\" content=\"2026-01-16T11:36:17+00:00\" \/>\n<meta property=\"og:image\" content=\"https:\/\/zielonemarzenia.com\/wp-content\/uploads\/2024\/03\/Ellipse-18.png\" \/>\n<meta name=\"twitter:card\" content=\"summary_large_image\" \/>\n<meta name=\"twitter:label1\" content=\"Gesch\u00e4tzte Lesezeit\" \/>\n\t<meta name=\"twitter:data1\" content=\"2\u00a0Minuten\" \/>\n<script type=\"application\/ld+json\" class=\"yoast-schema-graph\">{\"@context\":\"https:\/\/schema.org\",\"@graph\":[{\"@type\":\"WebPage\",\"@id\":\"https:\/\/zielonemarzenia.com\/de\/ueber-uns\/\",\"url\":\"https:\/\/zielonemarzenia.com\/de\/ueber-uns\/\",\"name\":\"Rollrasenverteiler - ZIELONE MARZENIA\",\"isPartOf\":{\"@id\":\"https:\/\/zielonemarzenia.com\/de\/#website\"},\"primaryImageOfPage\":{\"@id\":\"https:\/\/zielonemarzenia.com\/de\/ueber-uns\/#primaryimage\"},\"image\":{\"@id\":\"https:\/\/zielonemarzenia.com\/de\/ueber-uns\/#primaryimage\"},\"thumbnailUrl\":\"https:\/\/zielonemarzenia.com\/wp-content\/uploads\/2024\/03\/Ellipse-18.png\",\"datePublished\":\"2024-03-25T10:35:10+00:00\",\"dateModified\":\"2026-01-16T11:36:17+00:00\",\"description\":\"Handelspartner mit einem Vertriebsnetz von Rasenplantagen und einem Rasenlieferanten mit 25-j\u00e4hriger Tradition - TRAWN PRODUCER.\",\"breadcrumb\":{\"@id\":\"https:\/\/zielonemarzenia.com\/de\/ueber-uns\/#breadcrumb\"},\"inLanguage\":\"de\",\"potentialAction\":[{\"@type\":\"ReadAction\",\"target\":[\"https:\/\/zielonemarzenia.com\/de\/ueber-uns\/\"]}]},{\"@type\":\"ImageObject\",\"inLanguage\":\"de\",\"@id\":\"https:\/\/zielonemarzenia.com\/de\/ueber-uns\/#primaryimage\",\"url\":\"https:\/\/zielonemarzenia.com\/wp-content\/uploads\/2024\/03\/Ellipse-18.png\",\"contentUrl\":\"https:\/\/zielonemarzenia.com\/wp-content\/uploads\/2024\/03\/Ellipse-18.png\"},{\"@type\":\"BreadcrumbList\",\"@id\":\"https:\/\/zielonemarzenia.com\/de\/ueber-uns\/#breadcrumb\",\"itemListElement\":[{\"@type\":\"ListItem\",\"position\":1,\"name\":\"Strona g\u0142\u00f3wna\",\"item\":\"https:\/\/zielonemarzenia.com\/de\/startseite\/\"},{\"@type\":\"ListItem\",\"position\":2,\"name\":\"\u00dcBER UNS\"}]},{\"@type\":\"WebSite\",\"@id\":\"https:\/\/zielonemarzenia.com\/de\/#website\",\"url\":\"https:\/\/zielonemarzenia.com\/de\/\",\"name\":\"ZIELONE MARZENIA\",\"description\":\"\",\"publisher\":{\"@id\":\"https:\/\/zielonemarzenia.com\/de\/#organization\"},\"potentialAction\":[{\"@type\":\"SearchAction\",\"target\":{\"@type\":\"EntryPoint\",\"urlTemplate\":\"https:\/\/zielonemarzenia.com\/de\/?s={search_term_string}\"},\"query-input\":{\"@type\":\"PropertyValueSpecification\",\"valueRequired\":true,\"valueName\":\"search_term_string\"}}],\"inLanguage\":\"de\"},{\"@type\":\"Organization\",\"@id\":\"https:\/\/zielonemarzenia.com\/de\/#organization\",\"name\":\"ZIELONE MARZENIA\",\"url\":\"https:\/\/zielonemarzenia.com\/de\/\",\"logo\":{\"@type\":\"ImageObject\",\"inLanguage\":\"de\",\"@id\":\"https:\/\/zielonemarzenia.com\/de\/#\/schema\/logo\/image\/\",\"url\":\"https:\/\/zielonemarzenia.com\/wp-content\/uploads\/2024\/03\/logo-1.png\",\"contentUrl\":\"https:\/\/zielonemarzenia.com\/wp-content\/uploads\/2024\/03\/logo-1.png\",\"width\":155,\"height\":75,\"caption\":\"ZIELONE MARZENIA\"},\"image\":{\"@id\":\"https:\/\/zielonemarzenia.com\/de\/#\/schema\/logo\/image\/\"},\"sameAs\":[\"https:\/\/www.facebook.com\/zielone.marzenia.ogrody\"]}]}<\/script>\n<!-- \/ Yoast SEO plugin. -->","yoast_head_json":{"title":"Rollrasenverteiler - ZIELONE MARZENIA","description":"Handelspartner mit einem Vertriebsnetz von Rasenplantagen und einem Rasenlieferanten mit 25-j\u00e4hriger Tradition - TRAWN PRODUCER.","robots":{"index":"index","follow":"follow","max-snippet":"max-snippet:-1","max-image-preview":"max-image-preview:large","max-video-preview":"max-video-preview:-1"},"canonical":"https:\/\/zielonemarzenia.com\/de\/ueber-uns\/","og_locale":"de_DE","og_type":"article","og_title":"Rollrasenverteiler - ZIELONE MARZENIA","og_description":"Handelspartner mit einem Vertriebsnetz von Rasenplantagen und einem Rasenlieferanten mit 25-j\u00e4hriger Tradition - TRAWN PRODUCER.","og_url":"https:\/\/zielonemarzenia.com\/de\/ueber-uns\/","og_site_name":"ZIELONE MARZENIA","article_publisher":"https:\/\/www.facebook.com\/zielone.marzenia.ogrody","article_modified_time":"2026-01-16T11:36:17+00:00","og_image":[{"url":"https:\/\/zielonemarzenia.com\/wp-content\/uploads\/2024\/03\/Ellipse-18.png","type":"","width":"","height":""}],"twitter_card":"summary_large_image","twitter_misc":{"Gesch\u00e4tzte Lesezeit":"2\u00a0Minuten"},"schema":{"@context":"https:\/\/schema.org","@graph":[{"@type":"WebPage","@id":"https:\/\/zielonemarzenia.com\/de\/ueber-uns\/","url":"https:\/\/zielonemarzenia.com\/de\/ueber-uns\/","name":"Rollrasenverteiler - ZIELONE MARZENIA","isPartOf":{"@id":"https:\/\/zielonemarzenia.com\/de\/#website"},"primaryImageOfPage":{"@id":"https:\/\/zielonemarzenia.com\/de\/ueber-uns\/#primaryimage"},"image":{"@id":"https:\/\/zielonemarzenia.com\/de\/ueber-uns\/#primaryimage"},"thumbnailUrl":"https:\/\/zielonemarzenia.com\/wp-content\/uploads\/2024\/03\/Ellipse-18.png","datePublished":"2024-03-25T10:35:10+00:00","dateModified":"2026-01-16T11:36:17+00:00","description":"Handelspartner mit einem Vertriebsnetz von Rasenplantagen und einem Rasenlieferanten mit 25-j\u00e4hriger Tradition - TRAWN PRODUCER.","breadcrumb":{"@id":"https:\/\/zielonemarzenia.com\/de\/ueber-uns\/#breadcrumb"},"inLanguage":"de","potentialAction":[{"@type":"ReadAction","target":["https:\/\/zielonemarzenia.com\/de\/ueber-uns\/"]}]},{"@type":"ImageObject","inLanguage":"de","@id":"https:\/\/zielonemarzenia.com\/de\/ueber-uns\/#primaryimage","url":"https:\/\/zielonemarzenia.com\/wp-content\/uploads\/2024\/03\/Ellipse-18.png","contentUrl":"https:\/\/zielonemarzenia.com\/wp-content\/uploads\/2024\/03\/Ellipse-18.png"},{"@type":"BreadcrumbList","@id":"https:\/\/zielonemarzenia.com\/de\/ueber-uns\/#breadcrumb","itemListElement":[{"@type":"ListItem","position":1,"name":"Strona g\u0142\u00f3wna","item":"https:\/\/zielonemarzenia.com\/de\/startseite\/"},{"@type":"ListItem","position":2,"name":"\u00dcBER UNS"}]},{"@type":"WebSite","@id":"https:\/\/zielonemarzenia.com\/de\/#website","url":"https:\/\/zielonemarzenia.com\/de\/","name":"ZIELONE MARZENIA","description":"","publisher":{"@id":"https:\/\/zielonemarzenia.com\/de\/#organization"},"potentialAction":[{"@type":"SearchAction","target":{"@type":"EntryPoint","urlTemplate":"https:\/\/zielonemarzenia.com\/de\/?s={search_term_string}"},"query-input":{"@type":"PropertyValueSpecification","valueRequired":true,"valueName":"search_term_string"}}],"inLanguage":"de"},{"@type":"Organization","@id":"https:\/\/zielonemarzenia.com\/de\/#organization","name":"ZIELONE MARZENIA","url":"https:\/\/zielonemarzenia.com\/de\/","logo":{"@type":"ImageObject","inLanguage":"de","@id":"https:\/\/zielonemarzenia.com\/de\/#\/schema\/logo\/image\/","url":"https:\/\/zielonemarzenia.com\/wp-content\/uploads\/2024\/03\/logo-1.png","contentUrl":"https:\/\/zielonemarzenia.com\/wp-content\/uploads\/2024\/03\/logo-1.png","width":155,"height":75,"caption":"ZIELONE MARZENIA"},"image":{"@id":"https:\/\/zielonemarzenia.com\/de\/#\/schema\/logo\/image\/"},"sameAs":["https:\/\/www.facebook.com\/zielone.marzenia.ogrody"]}]}},"_links":{"self":[{"href":"https:\/\/zielonemarzenia.com\/de\/wp-json\/wp\/v2\/pages\/1455","targetHints":{"allow":["GET"]}}],"collection":[{"href":"https:\/\/zielonemarzenia.com\/de\/wp-json\/wp\/v2\/pages"}],"about":[{"href":"https:\/\/zielonemarzenia.com\/de\/wp-json\/wp\/v2\/types\/page"}],"author":[{"embeddable":true,"href":"https:\/\/zielonemarzenia.com\/de\/wp-json\/wp\/v2\/users\/1"}],"replies":[{"embeddable":true,"href":"https:\/\/zielonemarzenia.com\/de\/wp-json\/wp\/v2\/comments?post=1455"}],"version-history":[{"count":2,"href":"https:\/\/zielonemarzenia.com\/de\/wp-json\/wp\/v2\/pages\/1455\/revisions"}],"predecessor-version":[{"id":4469,"href":"https:\/\/zielonemarzenia.com\/de\/wp-json\/wp\/v2\/pages\/1455\/revisions\/4469"}],"wp:attachment":[{"href":"https:\/\/zielonemarzenia.com\/de\/wp-json\/wp\/v2\/media?parent=1455"}],"curies":[{"name":"wp","href":"https:\/\/api.w.org\/{rel}","templated":true}]}}