{"id":2559,"date":"2025-04-09T10:22:07","date_gmt":"2025-04-09T08:22:07","guid":{"rendered":"https:\/\/zielonemarzenia.com\/rekreacni-oblasti\/"},"modified":"2026-01-16T12:47:41","modified_gmt":"2026-01-16T11:47:41","slug":"rekreacni-oblasti","status":"publish","type":"page","link":"https:\/\/zielonemarzenia.com\/cs\/rekreacni-oblasti\/","title":{"rendered":"REKREA\u010cN\u00cd OBLASTI"},"content":{"rendered":"\t\t<div data-elementor-type=\"wp-page\" data-elementor-id=\"2559\" class=\"elementor elementor-2559\" data-elementor-post-type=\"page\">\n\t\t\t\t<div class=\"elementor-element elementor-element-6294d47 e-flex e-con-boxed e-con e-parent\" data-id=\"6294d47\" data-element_type=\"container\" data-e-type=\"container\" data-settings=\"{&quot;background_background&quot;:&quot;classic&quot;}\">\n\t\t\t\t\t<div class=\"e-con-inner\">\n\t\t\t\t<div class=\"elementor-element elementor-element-2808e13 elementor-widget elementor-widget-heading\" data-id=\"2808e13\" data-element_type=\"widget\" data-e-type=\"widget\" data-widget_type=\"heading.default\">\n\t\t\t\t<div class=\"elementor-widget-container\">\n\t\t\t\t\t<h1 class=\"elementor-heading-title elementor-size-default\">REKREA\u010cN\u00cd OBLASTI<\/h1>\t\t\t\t<\/div>\n\t\t\t\t<\/div>\n\t\t\t\t\t<\/div>\n\t\t\t\t<\/div>\n\t\t<div class=\"elementor-element elementor-element-5984282 e-flex e-con-boxed e-con e-parent\" data-id=\"5984282\" data-element_type=\"container\" data-e-type=\"container\">\n\t\t\t\t\t<div class=\"e-con-inner\">\n\t\t\t\t<div class=\"elementor-element elementor-element-2311024 elementor-widget elementor-widget-heading\" data-id=\"2311024\" data-element_type=\"widget\" data-e-type=\"widget\" data-widget_type=\"heading.default\">\n\t\t\t\t<div class=\"elementor-widget-container\">\n\t\t\t\t\t<h3 class=\"elementor-heading-title elementor-size-default\">POD\u00cdVEJTE SE NA NA\u0160E VYBRAN\u00c9 PROJEKTY<\/h3>\t\t\t\t<\/div>\n\t\t\t\t<\/div>\n\t\t\t\t<div class=\"elementor-element elementor-element-548b0a5 elementor-widget elementor-widget-gallery\" data-id=\"548b0a5\" data-element_type=\"widget\" data-e-type=\"widget\" data-settings=\"{&quot;columns&quot;:3,&quot;lazyload&quot;:&quot;yes&quot;,&quot;gallery_layout&quot;:&quot;grid&quot;,&quot;columns_tablet&quot;:2,&quot;columns_mobile&quot;:1,&quot;gap&quot;:{&quot;unit&quot;:&quot;px&quot;,&quot;size&quot;:10,&quot;sizes&quot;:[]},&quot;gap_tablet&quot;:{&quot;unit&quot;:&quot;px&quot;,&quot;size&quot;:10,&quot;sizes&quot;:[]},&quot;gap_mobile&quot;:{&quot;unit&quot;:&quot;px&quot;,&quot;size&quot;:10,&quot;sizes&quot;:[]},&quot;link_to&quot;:&quot;file&quot;,&quot;aspect_ratio&quot;:&quot;3:2&quot;,&quot;overlay_background&quot;:&quot;yes&quot;,&quot;content_hover_animation&quot;:&quot;fade-in&quot;}\" data-widget_type=\"gallery.default\">\n\t\t\t\t<div class=\"elementor-widget-container\">\n\t\t\t\t\t\t\t<div class=\"elementor-gallery__container\">\n\t\t\t\t\t\t\t<a class=\"e-gallery-item elementor-gallery-item elementor-animated-content\" href=\"https:\/\/zielonemarzenia.com\/wp-content\/uploads\/2024\/03\/Rectangle-82-1.webp\" data-elementor-open-lightbox=\"yes\" data-elementor-lightbox-slideshow=\"548b0a5\" data-e-action-hash=\"#elementor-action%3Aaction%3Dlightbox%26settings%3DeyJpZCI6Mzk3LCJ1cmwiOiJodHRwczpcL1wvemllbG9uZW1hcnplbmlhLmNvbVwvd3AtY29udGVudFwvdXBsb2Fkc1wvMjAyNFwvMDNcL1JlY3RhbmdsZS04Mi0xLndlYnAiLCJzbGlkZXNob3ciOiI1NDhiMGE1In0%3D\">\n\t\t\t\t\t<div class=\"e-gallery-image elementor-gallery-item__image\" data-thumbnail=\"https:\/\/zielonemarzenia.com\/wp-content\/uploads\/2024\/03\/Rectangle-82-1.webp\" data-width=\"545\" data-height=\"318\" aria-label=\"trawnik z rolki - realizacja trawnik zielone marzenia\" role=\"img\" ><\/div>\n\t\t\t\t\t\t\t\t\t\t\t<div class=\"elementor-gallery-item__overlay\"><\/div>\n\t\t\t\t\t\t\t\t\t\t\t\t\t\t<\/a>\n\t\t\t\t\t<\/div>\n\t\t\t\t\t<\/div>\n\t\t\t\t<\/div>\n\t\t\t\t\t<\/div>\n\t\t\t\t<\/div>\n\t\t<div class=\"elementor-element elementor-element-6bab03e e-con-full e-flex e-con e-parent\" data-id=\"6bab03e\" data-element_type=\"container\" data-e-type=\"container\" data-settings=\"{&quot;background_background&quot;:&quot;classic&quot;}\">\n\t\t<div class=\"elementor-element elementor-element-d97488b e-con-full e-flex e-con e-child\" data-id=\"d97488b\" data-element_type=\"container\" data-e-type=\"container\">\n\t\t<div class=\"elementor-element elementor-element-1683534 e-con-full e-flex e-con e-child\" data-id=\"1683534\" data-element_type=\"container\" data-e-type=\"container\" data-settings=\"{&quot;background_background&quot;:&quot;classic&quot;}\">\n\t\t\t\t<div class=\"elementor-element elementor-element-938c78b elementor-widget elementor-widget-heading\" data-id=\"938c78b\" data-element_type=\"widget\" data-e-type=\"widget\" data-widget_type=\"heading.default\">\n\t\t\t\t<div class=\"elementor-widget-container\">\n\t\t\t\t\t<h3 class=\"elementor-heading-title elementor-size-default\">Navrhn\u011bte m\u00edsto pro odpo\u010dinek a aktivitu<\/h3>\t\t\t\t<\/div>\n\t\t\t\t<\/div>\n\t\t\t\t<div class=\"elementor-element elementor-element-3ab9777 elementor-widget elementor-widget-text-editor\" data-id=\"3ab9777\" data-element_type=\"widget\" data-e-type=\"widget\" data-widget_type=\"text-editor.default\">\n\t\t\t\t<div class=\"elementor-widget-container\">\n\t\t\t\t\t\t\t\t\t<p>Postarejte se s na\u0161\u00edm t\u00fdmem o pohodl\u00ed a estetiku rekrea\u010dn\u00edch oblast\u00ed.<\/p>\t\t\t\t\t\t\t\t<\/div>\n\t\t\t\t<\/div>\n\t\t\t\t<div class=\"elementor-element elementor-element-4b967bc elementor-align-center elementor-widget elementor-widget-button\" data-id=\"4b967bc\" data-element_type=\"widget\" data-e-type=\"widget\" data-widget_type=\"button.default\">\n\t\t\t\t<div class=\"elementor-widget-container\">\n\t\t\t\t\t\t\t\t\t<div class=\"elementor-button-wrapper\">\n\t\t\t\t\t<a class=\"elementor-button elementor-button-link elementor-size-sm\" href=\"https:\/\/zielonemarzenia.com\/cs\/kontakt\/?lang=cs\">\n\t\t\t\t\t\t<span class=\"elementor-button-content-wrapper\">\n\t\t\t\t\t\t\t\t\t<span class=\"elementor-button-text\">KONTAKT<\/span>\n\t\t\t\t\t<\/span>\n\t\t\t\t\t<\/a>\n\t\t\t\t<\/div>\n\t\t\t\t\t\t\t\t<\/div>\n\t\t\t\t<\/div>\n\t\t\t\t<\/div>\n\t\t\t\t<\/div>\n\t\t\t\t<\/div>\n\t\t\t\t<\/div>\n\t\t","protected":false},"excerpt":{"rendered":"<p>REKREA\u010cN\u00cd OBLASTI POD\u00cdVEJTE SE NA NA\u0160E VYBRAN\u00c9 PROJEKTY Navrhn\u011bte m\u00edsto pro odpo\u010dinek a aktivitu Postarejte se s na\u0161\u00edm t\u00fdmem o pohodl\u00ed a estetiku rekrea\u010dn\u00edch oblast\u00ed. KONTAKT<\/p>\n","protected":false},"author":3,"featured_media":0,"parent":0,"menu_order":0,"comment_status":"closed","ping_status":"closed","template":"","meta":{"footnotes":""},"class_list":["post-2559","page","type-page","status-publish","hentry"],"yoast_head":"<!-- This site is optimized with the Yoast SEO plugin v26.9 - https:\/\/yoast.com\/product\/yoast-seo-wordpress\/ -->\n<title>REKREA\u010cN\u00cd OBLASTI - ZIELONE MARZENIA<\/title>\n<meta name=\"robots\" content=\"index, follow, max-snippet:-1, max-image-preview:large, max-video-preview:-1\" \/>\n<link rel=\"canonical\" href=\"https:\/\/zielonemarzenia.com\/cs\/rekreacni-oblasti\/\" \/>\n<meta property=\"og:locale\" content=\"cs_CZ\" \/>\n<meta property=\"og:type\" content=\"article\" \/>\n<meta property=\"og:title\" content=\"REKREA\u010cN\u00cd OBLASTI - ZIELONE MARZENIA\" \/>\n<meta property=\"og:description\" content=\"REKREA\u010cN\u00cd OBLASTI POD\u00cdVEJTE SE NA NA\u0160E VYBRAN\u00c9 PROJEKTY Navrhn\u011bte m\u00edsto pro odpo\u010dinek a aktivitu Postarejte se s na\u0161\u00edm t\u00fdmem o pohodl\u00ed a estetiku rekrea\u010dn\u00edch oblast\u00ed. KONTAKT\" \/>\n<meta property=\"og:url\" content=\"https:\/\/zielonemarzenia.com\/cs\/rekreacni-oblasti\/\" \/>\n<meta property=\"og:site_name\" content=\"ZIELONE MARZENIA\" \/>\n<meta property=\"article:publisher\" content=\"https:\/\/www.facebook.com\/zielone.marzenia.ogrody\" \/>\n<meta property=\"article:modified_time\" content=\"2026-01-16T11:47:41+00:00\" \/>\n<meta name=\"twitter:card\" content=\"summary_large_image\" \/>\n<meta name=\"twitter:label1\" content=\"Odhadovan\u00e1 doba \u010dten\u00ed\" \/>\n\t<meta name=\"twitter:data1\" content=\"1 minuta\" \/>\n<script type=\"application\/ld+json\" class=\"yoast-schema-graph\">{\"@context\":\"https:\/\/schema.org\",\"@graph\":[{\"@type\":\"WebPage\",\"@id\":\"https:\/\/zielonemarzenia.com\/cs\/rekreacni-oblasti\/\",\"url\":\"https:\/\/zielonemarzenia.com\/cs\/rekreacni-oblasti\/\",\"name\":\"REKREA\u010cN\u00cd OBLASTI - ZIELONE MARZENIA\",\"isPartOf\":{\"@id\":\"https:\/\/zielonemarzenia.com\/cs\/#website\"},\"datePublished\":\"2025-04-09T08:22:07+00:00\",\"dateModified\":\"2026-01-16T11:47:41+00:00\",\"breadcrumb\":{\"@id\":\"https:\/\/zielonemarzenia.com\/cs\/rekreacni-oblasti\/#breadcrumb\"},\"inLanguage\":\"cs\",\"potentialAction\":[{\"@type\":\"ReadAction\",\"target\":[\"https:\/\/zielonemarzenia.com\/cs\/rekreacni-oblasti\/\"]}]},{\"@type\":\"BreadcrumbList\",\"@id\":\"https:\/\/zielonemarzenia.com\/cs\/rekreacni-oblasti\/#breadcrumb\",\"itemListElement\":[{\"@type\":\"ListItem\",\"position\":1,\"name\":\"Strona g\u0142\u00f3wna\",\"item\":\"https:\/\/zielonemarzenia.com\/cs\/home\/\"},{\"@type\":\"ListItem\",\"position\":2,\"name\":\"REKREA\u010cN\u00cd OBLASTI\"}]},{\"@type\":\"WebSite\",\"@id\":\"https:\/\/zielonemarzenia.com\/cs\/#website\",\"url\":\"https:\/\/zielonemarzenia.com\/cs\/\",\"name\":\"ZIELONE MARZENIA\",\"description\":\"\",\"publisher\":{\"@id\":\"https:\/\/zielonemarzenia.com\/cs\/#organization\"},\"potentialAction\":[{\"@type\":\"SearchAction\",\"target\":{\"@type\":\"EntryPoint\",\"urlTemplate\":\"https:\/\/zielonemarzenia.com\/cs\/?s={search_term_string}\"},\"query-input\":{\"@type\":\"PropertyValueSpecification\",\"valueRequired\":true,\"valueName\":\"search_term_string\"}}],\"inLanguage\":\"cs\"},{\"@type\":\"Organization\",\"@id\":\"https:\/\/zielonemarzenia.com\/cs\/#organization\",\"name\":\"ZIELONE MARZENIA\",\"url\":\"https:\/\/zielonemarzenia.com\/cs\/\",\"logo\":{\"@type\":\"ImageObject\",\"inLanguage\":\"cs\",\"@id\":\"https:\/\/zielonemarzenia.com\/cs\/#\/schema\/logo\/image\/\",\"url\":\"https:\/\/zielonemarzenia.com\/wp-content\/uploads\/2024\/03\/logo-1.png\",\"contentUrl\":\"https:\/\/zielonemarzenia.com\/wp-content\/uploads\/2024\/03\/logo-1.png\",\"width\":155,\"height\":75,\"caption\":\"ZIELONE MARZENIA\"},\"image\":{\"@id\":\"https:\/\/zielonemarzenia.com\/cs\/#\/schema\/logo\/image\/\"},\"sameAs\":[\"https:\/\/www.facebook.com\/zielone.marzenia.ogrody\"]}]}<\/script>\n<!-- \/ Yoast SEO plugin. -->","yoast_head_json":{"title":"REKREA\u010cN\u00cd OBLASTI - ZIELONE MARZENIA","robots":{"index":"index","follow":"follow","max-snippet":"max-snippet:-1","max-image-preview":"max-image-preview:large","max-video-preview":"max-video-preview:-1"},"canonical":"https:\/\/zielonemarzenia.com\/cs\/rekreacni-oblasti\/","og_locale":"cs_CZ","og_type":"article","og_title":"REKREA\u010cN\u00cd OBLASTI - ZIELONE MARZENIA","og_description":"REKREA\u010cN\u00cd OBLASTI POD\u00cdVEJTE SE NA NA\u0160E VYBRAN\u00c9 PROJEKTY Navrhn\u011bte m\u00edsto pro odpo\u010dinek a aktivitu Postarejte se s na\u0161\u00edm t\u00fdmem o pohodl\u00ed a estetiku rekrea\u010dn\u00edch oblast\u00ed. KONTAKT","og_url":"https:\/\/zielonemarzenia.com\/cs\/rekreacni-oblasti\/","og_site_name":"ZIELONE MARZENIA","article_publisher":"https:\/\/www.facebook.com\/zielone.marzenia.ogrody","article_modified_time":"2026-01-16T11:47:41+00:00","twitter_card":"summary_large_image","twitter_misc":{"Odhadovan\u00e1 doba \u010dten\u00ed":"1 minuta"},"schema":{"@context":"https:\/\/schema.org","@graph":[{"@type":"WebPage","@id":"https:\/\/zielonemarzenia.com\/cs\/rekreacni-oblasti\/","url":"https:\/\/zielonemarzenia.com\/cs\/rekreacni-oblasti\/","name":"REKREA\u010cN\u00cd OBLASTI - ZIELONE MARZENIA","isPartOf":{"@id":"https:\/\/zielonemarzenia.com\/cs\/#website"},"datePublished":"2025-04-09T08:22:07+00:00","dateModified":"2026-01-16T11:47:41+00:00","breadcrumb":{"@id":"https:\/\/zielonemarzenia.com\/cs\/rekreacni-oblasti\/#breadcrumb"},"inLanguage":"cs","potentialAction":[{"@type":"ReadAction","target":["https:\/\/zielonemarzenia.com\/cs\/rekreacni-oblasti\/"]}]},{"@type":"BreadcrumbList","@id":"https:\/\/zielonemarzenia.com\/cs\/rekreacni-oblasti\/#breadcrumb","itemListElement":[{"@type":"ListItem","position":1,"name":"Strona g\u0142\u00f3wna","item":"https:\/\/zielonemarzenia.com\/cs\/home\/"},{"@type":"ListItem","position":2,"name":"REKREA\u010cN\u00cd OBLASTI"}]},{"@type":"WebSite","@id":"https:\/\/zielonemarzenia.com\/cs\/#website","url":"https:\/\/zielonemarzenia.com\/cs\/","name":"ZIELONE MARZENIA","description":"","publisher":{"@id":"https:\/\/zielonemarzenia.com\/cs\/#organization"},"potentialAction":[{"@type":"SearchAction","target":{"@type":"EntryPoint","urlTemplate":"https:\/\/zielonemarzenia.com\/cs\/?s={search_term_string}"},"query-input":{"@type":"PropertyValueSpecification","valueRequired":true,"valueName":"search_term_string"}}],"inLanguage":"cs"},{"@type":"Organization","@id":"https:\/\/zielonemarzenia.com\/cs\/#organization","name":"ZIELONE MARZENIA","url":"https:\/\/zielonemarzenia.com\/cs\/","logo":{"@type":"ImageObject","inLanguage":"cs","@id":"https:\/\/zielonemarzenia.com\/cs\/#\/schema\/logo\/image\/","url":"https:\/\/zielonemarzenia.com\/wp-content\/uploads\/2024\/03\/logo-1.png","contentUrl":"https:\/\/zielonemarzenia.com\/wp-content\/uploads\/2024\/03\/logo-1.png","width":155,"height":75,"caption":"ZIELONE MARZENIA"},"image":{"@id":"https:\/\/zielonemarzenia.com\/cs\/#\/schema\/logo\/image\/"},"sameAs":["https:\/\/www.facebook.com\/zielone.marzenia.ogrody"]}]}},"_links":{"self":[{"href":"https:\/\/zielonemarzenia.com\/cs\/wp-json\/wp\/v2\/pages\/2559","targetHints":{"allow":["GET"]}}],"collection":[{"href":"https:\/\/zielonemarzenia.com\/cs\/wp-json\/wp\/v2\/pages"}],"about":[{"href":"https:\/\/zielonemarzenia.com\/cs\/wp-json\/wp\/v2\/types\/page"}],"author":[{"embeddable":true,"href":"https:\/\/zielonemarzenia.com\/cs\/wp-json\/wp\/v2\/users\/3"}],"replies":[{"embeddable":true,"href":"https:\/\/zielonemarzenia.com\/cs\/wp-json\/wp\/v2\/comments?post=2559"}],"version-history":[{"count":2,"href":"https:\/\/zielonemarzenia.com\/cs\/wp-json\/wp\/v2\/pages\/2559\/revisions"}],"predecessor-version":[{"id":4489,"href":"https:\/\/zielonemarzenia.com\/cs\/wp-json\/wp\/v2\/pages\/2559\/revisions\/4489"}],"wp:attachment":[{"href":"https:\/\/zielonemarzenia.com\/cs\/wp-json\/wp\/v2\/media?parent=2559"}],"curies":[{"name":"wp","href":"https:\/\/api.w.org\/{rel}","templated":true}]}}