{"id":1550,"date":"2024-03-26T18:20:57","date_gmt":"2024-03-26T17:20:57","guid":{"rendered":"https:\/\/zielonemarzenia.com\/zasady-ochrany-osobnich-udaju\/"},"modified":"2026-01-16T12:40:28","modified_gmt":"2026-01-16T11:40:28","slug":"zasady-ochrany-osobnich-udaju","status":"publish","type":"page","link":"https:\/\/zielonemarzenia.com\/cs\/zasady-ochrany-osobnich-udaju\/","title":{"rendered":"Z\u00e1sady ochrany osobn\u00edch \u00fadaj\u016f"},"content":{"rendered":"\t\t<div data-elementor-type=\"wp-page\" data-elementor-id=\"1550\" class=\"elementor elementor-1550 elementor-679\" data-elementor-post-type=\"page\">\n\t\t\t\t<div class=\"elementor-element elementor-element-41df2a8 e-flex e-con-boxed e-con e-parent\" data-id=\"41df2a8\" data-element_type=\"container\" data-e-type=\"container\" data-settings=\"{&quot;background_background&quot;:&quot;classic&quot;}\">\n\t\t\t\t\t<div class=\"e-con-inner\">\n\t\t\t\t<div class=\"elementor-element elementor-element-ff0eb54 elementor-widget elementor-widget-heading\" data-id=\"ff0eb54\" data-element_type=\"widget\" data-e-type=\"widget\" data-widget_type=\"heading.default\">\n\t\t\t\t<div class=\"elementor-widget-container\">\n\t\t\t\t\t<h1 class=\"elementor-heading-title elementor-size-default\">Z\u00e1sady ochrany osobn\u00edch \u00fadaj\u016f<\/h1>\t\t\t\t<\/div>\n\t\t\t\t<\/div>\n\t\t\t\t\t<\/div>\n\t\t\t\t<\/div>\n\t\t<div class=\"elementor-element elementor-element-820f55b e-flex e-con-boxed e-con e-parent\" data-id=\"820f55b\" data-element_type=\"container\" data-e-type=\"container\">\n\t\t\t\t\t<div class=\"e-con-inner\">\n\t\t\t\t<div class=\"elementor-element elementor-element-d7ebaeb elementor-widget elementor-widget-text-editor\" data-id=\"d7ebaeb\" data-element_type=\"widget\" data-e-type=\"widget\" data-widget_type=\"text-editor.default\">\n\t\t\t\t<div class=\"elementor-widget-container\">\n\t\t\t\t\t\t\t\t\t<p style=\"text-align: center;\"><strong>Obecn\u00e1 ustanoven\u00ed<\/strong><\/p>\n<p>1 Z\u00e1sady ochrany osobn\u00edch \u00fadaj\u016f stanov\u00ed, jak\u00fdm zp\u016fsobem jsou shroma\u017e\u010fov\u00e1ny, zpracov\u00e1v\u00e1ny a uchov\u00e1v\u00e1ny osobn\u00ed \u00fadaje u\u017eivatel\u016f nezbytn\u00e9 pro poskytov\u00e1n\u00ed elektronick\u00fdch slu\u017eeb prost\u0159ednictv\u00edm webov\u00fdch str\u00e1nek https:\/\/zielonemarzenia.com (d\u00e1le jen &#8222;str\u00e1nky&#8220;).<\/p>\n<p>2 Str\u00e1nky shroma\u017e\u010fuj\u00ed pouze osobn\u00ed \u00fadaje nezbytn\u00e9 pro poskytov\u00e1n\u00ed a rozvoj slu\u017eeb, kter\u00e9 jsou na nich nab\u00edzeny.<\/p>\n<p>(3) Osobn\u00ed \u00fadaje shrom\u00e1\u017ed\u011bn\u00e9 prost\u0159ednictv\u00edm t\u011bchto str\u00e1nek se zpracov\u00e1vaj\u00ed v souladu s na\u0159\u00edzen\u00edm Evropsk\u00e9ho parlamentu a Rady (EU) 2016\/679 ze dne 27. dubna 2016. o ochran\u011b fyzick\u00fdch osob v souvislosti se zpracov\u00e1n\u00edm osobn\u00edch \u00fadaj\u016f a o voln\u00e9m pohybu t\u011bchto \u00fadaj\u016f a o zru\u0161en\u00ed sm\u011brnice 95\/46\/ES (obecn\u00e9 na\u0159\u00edzen\u00ed o ochran\u011b osobn\u00edch \u00fadaj\u016f, d\u00e1le jen &#8222;RODO&#8220;) a z\u00e1kona o ochran\u011b osobn\u00edch \u00fadaj\u016f ze dne 10. kv\u011btna 2018.<\/p>\n<p style=\"text-align: center;\"><strong>Spr\u00e1vce osobn\u00edch \u00fadaj\u016f<\/strong><\/p>\n<p>1. Spr\u00e1vcem osobn\u00edch \u00fadaj\u016f je ZIELONE MARZENIA Pawe\u0142 Dudziak, 32-650 K\u0119ty, ul Krakowska 72, zapsan\u00fd v rejst\u0159\u00edku podnikatel\u016f pod \u010d\u00edslem NIP: 9372385567 (d\u00e1le jen: Spole\u010dnost).<\/p>\n<p>(2) Spole\u010dnost v\u011bnuje zvl\u00e1\u0161tn\u00ed p\u00e9\u010di ochran\u011b z\u00e1jm\u016f subjekt\u016f \u00fadaj\u016f a zejm\u00e9na zajist\u00ed, aby osobn\u00ed \u00fadaje byly:<\/p>\n<p>a. zpracov\u00e1ny v souladu se z\u00e1konem,<\/p>\n<p>b. shrom\u00e1\u017ed\u011bn\u00e9 pro ur\u010dit\u00e9 legitimn\u00ed \u00fa\u010dely a nepodl\u00e9haj\u00edc\u00ed dal\u0161\u00edmu zpracov\u00e1n\u00ed, kter\u00e9 je s t\u011bmito \u00fa\u010dely neslu\u010diteln\u00e9,<\/p>\n<p>c. V\u011bcn\u011b spr\u00e1vn\u00e9 a p\u0159im\u011b\u0159en\u00e9 vzhledem k \u00fa\u010del\u016fm, pro kter\u00e9 jsou zpracov\u00e1v\u00e1ny,<\/p>\n<p>d. uchov\u00e1v\u00e1ny ve form\u011b, kter\u00e1 umo\u017e\u0148uje identifikaci subjekt\u016f \u00fadaj\u016f po dobu ne del\u0161\u00ed, ne\u017e je nezbytn\u00e9 k dosa\u017een\u00ed \u00fa\u010delu zpracov\u00e1n\u00ed.<\/p>\n<p>4 Osobn\u00ed \u00fadaje se pou\u017e\u00edvaj\u00ed k:<\/p>\n<p>a. Spole\u010dnost pln\u00ed funkce pro z\u00edsk\u00e1v\u00e1n\u00ed informac\u00ed o u\u017eivatel\u00edch na z\u00e1klad\u011b dobrovoln\u00e9ho zad\u00e1v\u00e1n\u00ed informac\u00ed do formul\u00e1\u0159\u016f za \u00fa\u010delem:<\/p>\n<p>&#8211; odpov\u00edd\u00e1n\u00ed na dotazy u\u017eivatel\u016f podan\u00e9 prost\u0159ednictv\u00edm kontaktn\u00edho formul\u00e1\u0159e na z\u00e1klad\u011b \u010dl. 6 odst. 1f) RODO,<\/p>\n<p>&#8211; prov\u00e1d\u011bn\u00ed slu\u017eeb poskytovan\u00fdch Spole\u010dnost\u00ed podle \u010dl. 6 odst. 1b) RODO,<\/p>\n<p>&#8211; marketing, v\u010detn\u011b zas\u00edl\u00e1n\u00ed obchodn\u00edch informac\u00ed e-mailem, pokud k tomu z\u00e1kazn\u00edk ud\u011blil souhlas, na z\u00e1klad\u011b \u010dl. 6 odst. 1(a) RODO. Souhlas se zpracov\u00e1n\u00edm \u00fadaj\u016f pro marketingov\u00e9 \u00fa\u010dely a se zas\u00edl\u00e1n\u00edm obchodn\u00edch informac\u00ed lze kdykoli odvolat.<\/p>\n<p>b. poskytov\u00e1n\u00ed komunitn\u00edch slu\u017eeb,<\/p>\n<p>c. marketing, remarketing, affiliation,<\/p>\n<p>d. analytick\u00e9 a statistick\u00e9 \u010dinnosti.<\/p>\n<p>(5) Spole\u010dnost m\u016f\u017ee zpracov\u00e1vat osobn\u00ed \u00fadaje u\u017eivatele: jm\u00e9no, adresu bydli\u0161t\u011b, e-mailovou adresu, telefonn\u00ed \u010d\u00edslo.<\/p>\n<p>(6) P\u0159\u00edjemci osobn\u00edch \u00fadaj\u016f mohou b\u00fdt org\u00e1ny, instituce a subjekty opr\u00e1vn\u011bn\u00e9 ze z\u00e1kona, jako\u017e i subjekty poskytuj\u00edc\u00ed spole\u010dnosti slu\u017eby (nap\u0159. pr\u00e1vn\u00ed, IT, marketingov\u00e9, \u00fa\u010detn\u00ed a dal\u0161\u00ed subjekty pod\u00edlej\u00edc\u00ed se na poskytov\u00e1n\u00ed po\u017eadovan\u00e9 slu\u017eby).<\/p>\n<p>7 K \u00fadaj\u016fm zpracov\u00e1van\u00fdm Spole\u010dnost\u00ed m\u00e1 p\u0159\u00edstup u\u017eivatel str\u00e1nek, kter\u00fd \u00fadaje poskytl. M\u00e1te tak\u00e9 pr\u00e1vo tyto \u00fadaje upravit, po\u017e\u00e1dat o jejich vymaz\u00e1n\u00ed a kdykoli omezit nebo zastavit zpracov\u00e1n\u00ed sv\u00fdch osobn\u00edch \u00fadaj\u016f.<\/p>\n<p>8 Ozn\u00e1men\u00ed o tom, \u017ee u\u017eivatel uplatnil sv\u00e1 pr\u00e1va vypl\u00fdvaj\u00edc\u00ed z uveden\u00fdch pr\u00e1v, se zas\u00edl\u00e1 na adresu biuro@zielonemarzenia.com.<\/p>\n<p>(9) M\u00e1te pr\u00e1vo podat st\u00ed\u017enost p\u0159edsedovi \u00da\u0159adu pro ochranu osobn\u00edch \u00fadaj\u016f, pokud se domn\u00edv\u00e1te, \u017ee zpracov\u00e1n\u00ed poru\u0161uje va\u0161e pr\u00e1va a svobody (RODO).<\/p>\n<p>10 Spole\u010dnost si vyhrazuje pr\u00e1vo zm\u011bnit z\u00e1sady ochrany osobn\u00edch \u00fadaj\u016f na webov\u00fdch str\u00e1nk\u00e1ch, co\u017e m\u016f\u017ee b\u00fdt zp\u016fsobeno v\u00fdvojem internetov\u00fdch technologi\u00ed, mo\u017en\u00fdmi zm\u011bnami v z\u00e1konech o ochran\u011b osobn\u00edch \u00fadaj\u016f a v\u00fdvojem webov\u00fdch str\u00e1nek. O v\u0161ech zm\u011bn\u00e1ch budeme u\u017eivatele informovat viditeln\u00fdm a srozumiteln\u00fdm zp\u016fsobem.<\/p>\n<p style=\"text-align: center;\"><strong>Soubory cookie<\/strong><\/p>\n<p>1 B\u011bhem prvn\u00edho sezen\u00ed na www.zielonemarzenia.com&nbsp; je u\u017eivatel informov\u00e1n o pou\u017e\u00edv\u00e1n\u00ed soubor\u016f cookie. U\u017eivatel souhlas\u00ed s pou\u017e\u00edv\u00e1n\u00edm soubor\u016f cookie na webov\u00fdch str\u00e1nk\u00e1ch. Pokud nezm\u011bn\u00edte nastaven\u00ed prohl\u00ed\u017ee\u010de, souhlas\u00edte s pou\u017e\u00edv\u00e1n\u00edm soubor\u016f cookie.<\/p>\n<p>2 Instalace &#8222;soubor\u016f cookie nezbytn\u00fdch pro z\u00e1kladn\u00ed funk\u010dnost webov\u00fdch str\u00e1nek&#8220; je nezbytn\u00e1 pro jejich spr\u00e1vn\u00e9 fungov\u00e1n\u00ed.<\/p>\n<p>Soubory cookie nezbytn\u00e9 pro provoz webov\u00fdch str\u00e1nek lze zm\u011bnit zm\u011bnou nastaven\u00ed va\u0161eho prohl\u00ed\u017ee\u010de, p\u0159i\u010dem\u017e je t\u0159eba m\u00edt na pam\u011bti, \u017ee zm\u011bna nastaven\u00ed m\u016f\u017ee zp\u016fsobit nefunk\u010dnost webov\u00fdch str\u00e1nek.<\/p>\n<p>(4) U\u017eivatel\u00e9, kte\u0159\u00ed si po sezn\u00e1men\u00ed se s informacemi dostupn\u00fdmi na webov\u00fdch str\u00e1nk\u00e1ch nep\u0159ej\u00ed, aby byly soubory cookie uchov\u00e1v\u00e1ny ve webov\u00e9m prohl\u00ed\u017ee\u010di jejich za\u0159\u00edzen\u00ed, by je m\u011bli na konci n\u00e1v\u0161t\u011bvy webov\u00fdch str\u00e1nek ze sv\u00e9ho prohl\u00ed\u017ee\u010de vymazat. P\u0159i provozu webov\u00fdch str\u00e1nek se pou\u017e\u00edvaj\u00ed n\u00e1sleduj\u00edc\u00ed typy soubor\u016f cookie:<\/p>\n<p>a. relace &#8211; z\u016fstanou v prohl\u00ed\u017ee\u010di, dokud je nevypnete,<\/p>\n<p>b. trval\u00e9 &#8211; z\u016fst\u00e1vaj\u00ed ve webov\u00e9m prohl\u00ed\u017ee\u010di za\u0159\u00edzen\u00ed, dokud je u\u017eivatel neodstran\u00ed nebo dokud neuplyne p\u0159edem stanoven\u00e1 doba uveden\u00e1 v parametrech souboru cookie.<\/p>\n<div style=\"all: initial;\"> <\/div>\t\t\t\t\t\t\t\t<\/div>\n\t\t\t\t<\/div>\n\t\t\t\t\t<\/div>\n\t\t\t\t<\/div>\n\t\t\t\t<\/div>\n\t\t","protected":false},"excerpt":{"rendered":"<p>Z\u00e1sady ochrany osobn\u00edch \u00fadaj\u016f Obecn\u00e1 ustanoven\u00ed 1 Z\u00e1sady ochrany osobn\u00edch \u00fadaj\u016f stanov\u00ed, jak\u00fdm zp\u016fsobem jsou shroma\u017e\u010fov\u00e1ny, zpracov\u00e1v\u00e1ny a uchov\u00e1v\u00e1ny osobn\u00ed \u00fadaje u\u017eivatel\u016f nezbytn\u00e9 pro poskytov\u00e1n\u00ed elektronick\u00fdch slu\u017eeb prost\u0159ednictv\u00edm webov\u00fdch str\u00e1nek https:\/\/zielonemarzenia.com (d\u00e1le jen &#8222;str\u00e1nky&#8220;). 2 Str\u00e1nky shroma\u017e\u010fuj\u00ed pouze osobn\u00ed \u00fadaje nezbytn\u00e9 pro poskytov\u00e1n\u00ed a rozvoj slu\u017eeb, kter\u00e9 jsou na nich nab\u00edzeny. (3) Osobn\u00ed \u00fadaje shrom\u00e1\u017ed\u011bn\u00e9 [&hellip;]<\/p>\n","protected":false},"author":1,"featured_media":0,"parent":0,"menu_order":0,"comment_status":"closed","ping_status":"closed","template":"","meta":{"footnotes":""},"class_list":["post-1550","page","type-page","status-publish","hentry"],"yoast_head":"<!-- This site is optimized with the Yoast SEO plugin v26.9 - https:\/\/yoast.com\/product\/yoast-seo-wordpress\/ -->\n<title>Instalace a p\u00e9\u010de o rolovac\u00ed tr\u00e1vn\u00edk - ZIELONE MARZENIA<\/title>\n<meta name=\"description\" content=\"Instalace a p\u00e9\u010de o rolovac\u00ed tr\u00e1vn\u00edk. Zjist\u011bte, jak pe\u010dovat o v\u00e1\u0161 tr\u00e1vn\u00edk, aby lahodil oku kr\u00e1snou zelen\u00ed a sametovou texturou.\" \/>\n<meta name=\"robots\" content=\"index, follow, max-snippet:-1, max-image-preview:large, max-video-preview:-1\" \/>\n<link rel=\"canonical\" href=\"https:\/\/zielonemarzenia.com\/cs\/zasady-ochrany-osobnich-udaju\/\" \/>\n<meta property=\"og:locale\" content=\"cs_CZ\" \/>\n<meta property=\"og:type\" content=\"article\" \/>\n<meta property=\"og:title\" content=\"Instalace a p\u00e9\u010de o rolovac\u00ed tr\u00e1vn\u00edk - ZIELONE MARZENIA\" \/>\n<meta property=\"og:description\" content=\"Instalace a p\u00e9\u010de o rolovac\u00ed tr\u00e1vn\u00edk. Zjist\u011bte, jak pe\u010dovat o v\u00e1\u0161 tr\u00e1vn\u00edk, aby lahodil oku kr\u00e1snou zelen\u00ed a sametovou texturou.\" \/>\n<meta property=\"og:url\" content=\"https:\/\/zielonemarzenia.com\/cs\/zasady-ochrany-osobnich-udaju\/\" \/>\n<meta property=\"og:site_name\" content=\"ZIELONE MARZENIA\" \/>\n<meta property=\"article:publisher\" content=\"https:\/\/www.facebook.com\/zielone.marzenia.ogrody\" \/>\n<meta property=\"article:modified_time\" content=\"2026-01-16T11:40:28+00:00\" \/>\n<meta name=\"twitter:card\" content=\"summary_large_image\" \/>\n<meta name=\"twitter:label1\" content=\"Odhadovan\u00e1 doba \u010dten\u00ed\" \/>\n\t<meta name=\"twitter:data1\" content=\"4 minuty\" \/>\n<script type=\"application\/ld+json\" class=\"yoast-schema-graph\">{\"@context\":\"https:\/\/schema.org\",\"@graph\":[{\"@type\":\"WebPage\",\"@id\":\"https:\/\/zielonemarzenia.com\/cs\/zasady-ochrany-osobnich-udaju\/\",\"url\":\"https:\/\/zielonemarzenia.com\/cs\/zasady-ochrany-osobnich-udaju\/\",\"name\":\"Instalace a p\u00e9\u010de o rolovac\u00ed tr\u00e1vn\u00edk - ZIELONE MARZENIA\",\"isPartOf\":{\"@id\":\"https:\/\/zielonemarzenia.com\/cs\/#website\"},\"datePublished\":\"2024-03-26T17:20:57+00:00\",\"dateModified\":\"2026-01-16T11:40:28+00:00\",\"description\":\"Instalace a p\u00e9\u010de o rolovac\u00ed tr\u00e1vn\u00edk. Zjist\u011bte, jak pe\u010dovat o v\u00e1\u0161 tr\u00e1vn\u00edk, aby lahodil oku kr\u00e1snou zelen\u00ed a sametovou texturou.\",\"breadcrumb\":{\"@id\":\"https:\/\/zielonemarzenia.com\/cs\/zasady-ochrany-osobnich-udaju\/#breadcrumb\"},\"inLanguage\":\"cs\",\"potentialAction\":[{\"@type\":\"ReadAction\",\"target\":[\"https:\/\/zielonemarzenia.com\/cs\/zasady-ochrany-osobnich-udaju\/\"]}]},{\"@type\":\"BreadcrumbList\",\"@id\":\"https:\/\/zielonemarzenia.com\/cs\/zasady-ochrany-osobnich-udaju\/#breadcrumb\",\"itemListElement\":[{\"@type\":\"ListItem\",\"position\":1,\"name\":\"Strona g\u0142\u00f3wna\",\"item\":\"https:\/\/zielonemarzenia.com\/cs\/home\/\"},{\"@type\":\"ListItem\",\"position\":2,\"name\":\"Z\u00e1sady ochrany osobn\u00edch \u00fadaj\u016f\"}]},{\"@type\":\"WebSite\",\"@id\":\"https:\/\/zielonemarzenia.com\/cs\/#website\",\"url\":\"https:\/\/zielonemarzenia.com\/cs\/\",\"name\":\"ZIELONE MARZENIA\",\"description\":\"\",\"publisher\":{\"@id\":\"https:\/\/zielonemarzenia.com\/cs\/#organization\"},\"potentialAction\":[{\"@type\":\"SearchAction\",\"target\":{\"@type\":\"EntryPoint\",\"urlTemplate\":\"https:\/\/zielonemarzenia.com\/cs\/?s={search_term_string}\"},\"query-input\":{\"@type\":\"PropertyValueSpecification\",\"valueRequired\":true,\"valueName\":\"search_term_string\"}}],\"inLanguage\":\"cs\"},{\"@type\":\"Organization\",\"@id\":\"https:\/\/zielonemarzenia.com\/cs\/#organization\",\"name\":\"ZIELONE MARZENIA\",\"url\":\"https:\/\/zielonemarzenia.com\/cs\/\",\"logo\":{\"@type\":\"ImageObject\",\"inLanguage\":\"cs\",\"@id\":\"https:\/\/zielonemarzenia.com\/cs\/#\/schema\/logo\/image\/\",\"url\":\"https:\/\/zielonemarzenia.com\/wp-content\/uploads\/2024\/03\/logo-1.png\",\"contentUrl\":\"https:\/\/zielonemarzenia.com\/wp-content\/uploads\/2024\/03\/logo-1.png\",\"width\":155,\"height\":75,\"caption\":\"ZIELONE MARZENIA\"},\"image\":{\"@id\":\"https:\/\/zielonemarzenia.com\/cs\/#\/schema\/logo\/image\/\"},\"sameAs\":[\"https:\/\/www.facebook.com\/zielone.marzenia.ogrody\"]}]}<\/script>\n<!-- \/ Yoast SEO plugin. -->","yoast_head_json":{"title":"Instalace a p\u00e9\u010de o rolovac\u00ed tr\u00e1vn\u00edk - ZIELONE MARZENIA","description":"Instalace a p\u00e9\u010de o rolovac\u00ed tr\u00e1vn\u00edk. Zjist\u011bte, jak pe\u010dovat o v\u00e1\u0161 tr\u00e1vn\u00edk, aby lahodil oku kr\u00e1snou zelen\u00ed a sametovou texturou.","robots":{"index":"index","follow":"follow","max-snippet":"max-snippet:-1","max-image-preview":"max-image-preview:large","max-video-preview":"max-video-preview:-1"},"canonical":"https:\/\/zielonemarzenia.com\/cs\/zasady-ochrany-osobnich-udaju\/","og_locale":"cs_CZ","og_type":"article","og_title":"Instalace a p\u00e9\u010de o rolovac\u00ed tr\u00e1vn\u00edk - ZIELONE MARZENIA","og_description":"Instalace a p\u00e9\u010de o rolovac\u00ed tr\u00e1vn\u00edk. Zjist\u011bte, jak pe\u010dovat o v\u00e1\u0161 tr\u00e1vn\u00edk, aby lahodil oku kr\u00e1snou zelen\u00ed a sametovou texturou.","og_url":"https:\/\/zielonemarzenia.com\/cs\/zasady-ochrany-osobnich-udaju\/","og_site_name":"ZIELONE MARZENIA","article_publisher":"https:\/\/www.facebook.com\/zielone.marzenia.ogrody","article_modified_time":"2026-01-16T11:40:28+00:00","twitter_card":"summary_large_image","twitter_misc":{"Odhadovan\u00e1 doba \u010dten\u00ed":"4 minuty"},"schema":{"@context":"https:\/\/schema.org","@graph":[{"@type":"WebPage","@id":"https:\/\/zielonemarzenia.com\/cs\/zasady-ochrany-osobnich-udaju\/","url":"https:\/\/zielonemarzenia.com\/cs\/zasady-ochrany-osobnich-udaju\/","name":"Instalace a p\u00e9\u010de o rolovac\u00ed tr\u00e1vn\u00edk - ZIELONE MARZENIA","isPartOf":{"@id":"https:\/\/zielonemarzenia.com\/cs\/#website"},"datePublished":"2024-03-26T17:20:57+00:00","dateModified":"2026-01-16T11:40:28+00:00","description":"Instalace a p\u00e9\u010de o rolovac\u00ed tr\u00e1vn\u00edk. Zjist\u011bte, jak pe\u010dovat o v\u00e1\u0161 tr\u00e1vn\u00edk, aby lahodil oku kr\u00e1snou zelen\u00ed a sametovou texturou.","breadcrumb":{"@id":"https:\/\/zielonemarzenia.com\/cs\/zasady-ochrany-osobnich-udaju\/#breadcrumb"},"inLanguage":"cs","potentialAction":[{"@type":"ReadAction","target":["https:\/\/zielonemarzenia.com\/cs\/zasady-ochrany-osobnich-udaju\/"]}]},{"@type":"BreadcrumbList","@id":"https:\/\/zielonemarzenia.com\/cs\/zasady-ochrany-osobnich-udaju\/#breadcrumb","itemListElement":[{"@type":"ListItem","position":1,"name":"Strona g\u0142\u00f3wna","item":"https:\/\/zielonemarzenia.com\/cs\/home\/"},{"@type":"ListItem","position":2,"name":"Z\u00e1sady ochrany osobn\u00edch \u00fadaj\u016f"}]},{"@type":"WebSite","@id":"https:\/\/zielonemarzenia.com\/cs\/#website","url":"https:\/\/zielonemarzenia.com\/cs\/","name":"ZIELONE MARZENIA","description":"","publisher":{"@id":"https:\/\/zielonemarzenia.com\/cs\/#organization"},"potentialAction":[{"@type":"SearchAction","target":{"@type":"EntryPoint","urlTemplate":"https:\/\/zielonemarzenia.com\/cs\/?s={search_term_string}"},"query-input":{"@type":"PropertyValueSpecification","valueRequired":true,"valueName":"search_term_string"}}],"inLanguage":"cs"},{"@type":"Organization","@id":"https:\/\/zielonemarzenia.com\/cs\/#organization","name":"ZIELONE MARZENIA","url":"https:\/\/zielonemarzenia.com\/cs\/","logo":{"@type":"ImageObject","inLanguage":"cs","@id":"https:\/\/zielonemarzenia.com\/cs\/#\/schema\/logo\/image\/","url":"https:\/\/zielonemarzenia.com\/wp-content\/uploads\/2024\/03\/logo-1.png","contentUrl":"https:\/\/zielonemarzenia.com\/wp-content\/uploads\/2024\/03\/logo-1.png","width":155,"height":75,"caption":"ZIELONE MARZENIA"},"image":{"@id":"https:\/\/zielonemarzenia.com\/cs\/#\/schema\/logo\/image\/"},"sameAs":["https:\/\/www.facebook.com\/zielone.marzenia.ogrody"]}]}},"_links":{"self":[{"href":"https:\/\/zielonemarzenia.com\/cs\/wp-json\/wp\/v2\/pages\/1550","targetHints":{"allow":["GET"]}}],"collection":[{"href":"https:\/\/zielonemarzenia.com\/cs\/wp-json\/wp\/v2\/pages"}],"about":[{"href":"https:\/\/zielonemarzenia.com\/cs\/wp-json\/wp\/v2\/types\/page"}],"author":[{"embeddable":true,"href":"https:\/\/zielonemarzenia.com\/cs\/wp-json\/wp\/v2\/users\/1"}],"replies":[{"embeddable":true,"href":"https:\/\/zielonemarzenia.com\/cs\/wp-json\/wp\/v2\/comments?post=1550"}],"version-history":[{"count":2,"href":"https:\/\/zielonemarzenia.com\/cs\/wp-json\/wp\/v2\/pages\/1550\/revisions"}],"predecessor-version":[{"id":2422,"href":"https:\/\/zielonemarzenia.com\/cs\/wp-json\/wp\/v2\/pages\/1550\/revisions\/2422"}],"wp:attachment":[{"href":"https:\/\/zielonemarzenia.com\/cs\/wp-json\/wp\/v2\/media?parent=1550"}],"curies":[{"name":"wp","href":"https:\/\/api.w.org\/{rel}","templated":true}]}}